{"id":147,"date":"2019-04-11T15:12:51","date_gmt":"2019-04-11T13:12:51","guid":{"rendered":"http:\/\/nagel-metallbau.com\/?page_id=147"},"modified":"2020-10-29T16:17:34","modified_gmt":"2020-10-29T15:17:34","slug":"historie","status":"publish","type":"page","link":"https:\/\/nagel-metallbau.com\/?page_id=147","title":{"rendered":"HISTORIE"},"content":{"rendered":"\n<div class=\"wp-block-image\"><figure class=\"alignright is-resized\"><a href=\"https:\/\/nagel-metallbau.com\/wp-content\/uploads\/2019\/05\/Urkunde50Jahre-e1557823372922.jpg\"><img loading=\"lazy\" src=\"http:\/\/nagel-metallbau.com\/wp-content\/uploads\/2019\/05\/Urkunde50Jahre-724x1024.jpg\" alt=\"\" class=\"wp-image-542\" width=\"181\" height=\"256\"\/><\/a><figcaption> <br>\u00dcber 70 Jahre stolze Geschichte\u2026  <\/figcaption><\/figure><\/div>\n\n\n\n<p><strong>Qualit\u00e4t, durch Erfahrung.<\/strong><\/p>\n\n\n\n<hr class=\"wp-block-separator\"\/>\n\n\n\n<p>Die <strong>Nagel Metallbau GmbH &amp; Co KG<\/strong> ist ein alteingesessenes Unternehmen, dessen Wurzeln bis in das Jahr 1948 zur\u00fcckgehen. Die Schwerpunkte unserer T\u00e4tigkeit liegen im Bereich der handwerklichen Metall- und Feinblechbearbeitung. Besonders qualifiziert sind wir dabei in der Produktion von Schallschutzelementen und von Sonderformteilen f\u00fcr Luftkanalanlagen. Desweiteren fertigen wir Stahl- und Metallkonstruktionen nach individuellen Vorgaben  <\/p>\n\n\n\n<p><strong>fachgerecht und termintreu!<\/strong>\u00a0 <\/p>\n\n\n\n<p>Im Bereich des Anlagenbaus haben wir uns ebenfalls einen guten Ruf erworben. Hier arbeiten wir bei der Ausf\u00fchrung von Schallmessr\u00e4umen und Akustikpr\u00fcfst\u00e4nden eng mit namhaften Ingenieur-, Planungs- und Architekturb\u00fcros zusammen und k\u00f6nnen mit unserer Erfahrung und qualifizierten Mitarbeitern zielorientiert und innovativ bei der Umsetzung projektspezifischer Aufgaben mitwirken.<\/p>\n\n\n\n<p>Endkunden und Anwender unserer Produkte sind haupts\u00e4chlich Industrie, \u00f6ffentliche Auftraggeber sowie Privatkunden. In nahezu allen Produktions- und Entwicklungsst\u00e4tten der europ\u00e4ischen Automobilindustrie sind unsere Produkte zu finden.<\/p>\n\n\n\n<p><strong>                <div class=\"clearfix paddingBot20\"><\/div>\n                <\/div>\n                <div class=\"row\">\n                                    \n                <div class=\"col-md-3 col-sm-6 col-xs-12 gallery-img lz-gallery-images slide-item wow fadeInRight\">\n                    <div class=\"ht-gallery-member\">\n                        <div class=\"ht-gallery-member-image\">\n                                                        <a class=\"group1\" href=\"https:\/\/nagel-metallbau.com\/wp-content\/uploads\/2019\/04\/Fertigung2-768x512.jpg\" title=\"Historie Bild 1\"> <img class=\"secondry-bg img-responsive\" src=\"https:\/\/nagel-metallbau.com\/wp-content\/uploads\/2019\/04\/Fertigung2-768x512.jpg\" alt=\"Historie Bild 1\" \/> <\/a>\n                        <\/div>\n                           \n                               <!--  <h6 class=\"member-name\"><\/h6> -->\n                            \n                                   <!-- <div class=\"ht-gallery-member-excerpt-wrap\"> -->\n                                     <!--   <div class=\"ht-gallery-member-span\"> -->\n                                                                                        <!-- <div class=\"ht-team-designation\"><\/div> -->\n                                          <!--  <div class=\"ht-gallery-content\">-->\n                                                                                   <!--  <\/div>  -->\n                                            <!-- <div class=\"ht-team-detail\"><\/div> -->\n                                        <!-- <\/div> --> \n                                 <!--   <\/div> -->\n                                \n                                <!--                                 <div class=\"ht-team-social-id\">\n                                                                            <a target=\"_blank\" href=\"\"><i class=\"fa fa-facebook\"><\/i><\/a>\n                                                                                                                <a target=\"_blank\" href=\"\"><i class=\"fa fa-twitter\"><\/i><\/a>\n                                                                                                                <a target=\"_blank\" href=\"\"><i class=\"fa fa-google-plus\"><\/i><\/a>\n                                                                                                                <a target=\"_blank\" href=\"\"><i class=\"fa fa-pinterest-p\"><\/i><\/a>\n                                                                    <\/div>                          \n                                 -->\n                            \n                        <\/div>\n                <\/div>\n                                \n                <div class=\"col-md-3 col-sm-6 col-xs-12 gallery-img lz-gallery-images slide-item wow fadeInRight\">\n                    <div class=\"ht-gallery-member\">\n                        <div class=\"ht-gallery-member-image\">\n                                                        <a class=\"group1\" href=\"https:\/\/nagel-metallbau.com\/wp-content\/uploads\/2019\/04\/Halle1-768x527.jpg\" title=\"Historie Bild 2\"> <img class=\"secondry-bg img-responsive\" src=\"https:\/\/nagel-metallbau.com\/wp-content\/uploads\/2019\/04\/Halle1-768x527.jpg\" alt=\"Historie Bild 2\" \/> <\/a>\n                        <\/div>\n                           \n                               <!--  <h6 class=\"member-name\"><\/h6> -->\n                            \n                                   <!-- <div class=\"ht-gallery-member-excerpt-wrap\"> -->\n                                     <!--   <div class=\"ht-gallery-member-span\"> -->\n                                                                                        <!-- <div class=\"ht-team-designation\"><\/div> -->\n                                          <!--  <div class=\"ht-gallery-content\">-->\n                                                                                   <!--  <\/div>  -->\n                                            <!-- <div class=\"ht-team-detail\"><\/div> -->\n                                        <!-- <\/div> --> \n                                 <!--   <\/div> -->\n                                \n                                <!--                                 <div class=\"ht-team-social-id\">\n                                                                            <a target=\"_blank\" href=\"\"><i class=\"fa fa-facebook\"><\/i><\/a>\n                                                                                                                <a target=\"_blank\" href=\"\"><i class=\"fa fa-twitter\"><\/i><\/a>\n                                                                                                                <a target=\"_blank\" href=\"\"><i class=\"fa fa-google-plus\"><\/i><\/a>\n                                                                                                                <a target=\"_blank\" href=\"\"><i class=\"fa fa-pinterest-p\"><\/i><\/a>\n                                                                    <\/div>                          \n                                 -->\n                            \n                        <\/div>\n                <\/div>\n                                \n                <div class=\"col-md-3 col-sm-6 col-xs-12 gallery-img lz-gallery-images slide-item wow fadeInRight\">\n                    <div class=\"ht-gallery-member\">\n                        <div class=\"ht-gallery-member-image\">\n                                                        <a class=\"group1\" href=\"https:\/\/nagel-metallbau.com\/wp-content\/uploads\/2019\/04\/102-0223_IMG-1-768x587.jpg\" title=\"Historie Bild 3\"> <img class=\"secondry-bg img-responsive\" src=\"https:\/\/nagel-metallbau.com\/wp-content\/uploads\/2019\/04\/102-0223_IMG-1-768x587.jpg\" alt=\"Historie Bild 3\" \/> <\/a>\n                        <\/div>\n                           \n                               <!--  <h6 class=\"member-name\"><\/h6> -->\n                            \n                                   <!-- <div class=\"ht-gallery-member-excerpt-wrap\"> -->\n                                     <!--   <div class=\"ht-gallery-member-span\"> -->\n                                                                                        <!-- <div class=\"ht-team-designation\"><\/div> -->\n                                          <!--  <div class=\"ht-gallery-content\">-->\n                                                                                   <!--  <\/div>  -->\n                                            <!-- <div class=\"ht-team-detail\"><\/div> -->\n                                        <!-- <\/div> --> \n                                 <!--   <\/div> -->\n                                \n                                <!--                                 <div class=\"ht-team-social-id\">\n                                                                            <a target=\"_blank\" href=\"\"><i class=\"fa fa-facebook\"><\/i><\/a>\n                                                                                                                <a target=\"_blank\" href=\"\"><i class=\"fa fa-twitter\"><\/i><\/a>\n                                                                                                                <a target=\"_blank\" href=\"\"><i class=\"fa fa-google-plus\"><\/i><\/a>\n                                                                                                                <a target=\"_blank\" href=\"\"><i class=\"fa fa-pinterest-p\"><\/i><\/a>\n                                                                    <\/div>                          \n                                 -->\n                            \n                        <\/div>\n                <\/div>\n                                \n                <div class=\"col-md-3 col-sm-6 col-xs-12 gallery-img lz-gallery-images slide-item wow fadeInRight\">\n                    <div class=\"ht-gallery-member\">\n                        <div class=\"ht-gallery-member-image\">\n                                                        <a class=\"group1\" href=\"https:\/\/nagel-metallbau.com\/wp-content\/uploads\/2019\/04\/102-0225_IMG-768x576.jpg\" title=\"Historie Bild 4\"> <img class=\"secondry-bg img-responsive\" src=\"https:\/\/nagel-metallbau.com\/wp-content\/uploads\/2019\/04\/102-0225_IMG-768x576.jpg\" alt=\"Historie Bild 4\" \/> <\/a>\n                        <\/div>\n                           \n                               <!--  <h6 class=\"member-name\"><\/h6> -->\n                            \n                                   <!-- <div class=\"ht-gallery-member-excerpt-wrap\"> -->\n                                     <!--   <div class=\"ht-gallery-member-span\"> -->\n                                                                                        <!-- <div class=\"ht-team-designation\"><\/div> -->\n                                          <!--  <div class=\"ht-gallery-content\">-->\n                                                                                   <!--  <\/div>  -->\n                                            <!-- <div class=\"ht-team-detail\"><\/div> -->\n                                        <!-- <\/div> --> \n                                 <!--   <\/div> -->\n                                \n                                <!--                                 <div class=\"ht-team-social-id\">\n                                                                            <a target=\"_blank\" href=\"\"><i class=\"fa fa-facebook\"><\/i><\/a>\n                                                                                                                <a target=\"_blank\" href=\"\"><i class=\"fa fa-twitter\"><\/i><\/a>\n                                                                                                                <a target=\"_blank\" href=\"\"><i class=\"fa fa-google-plus\"><\/i><\/a>\n                                                                                                                <a target=\"_blank\" href=\"\"><i class=\"fa fa-pinterest-p\"><\/i><\/a>\n                                                                    <\/div>                          \n                                 -->\n                            \n                        <\/div>\n                <\/div>\n                <\/strong><\/p>\n\n\n\n<p><br><br><br><br><\/p>\n\n\n\n<!-- default-view.php -->\n<div\n\tclass=\"ngg-galleryoverview default-view \"\n\tid=\"ngg-gallery-20a1c2c9210f9fe7d961ad62f6f9847e-1\">\n\n\t\t<!-- Thumbnails -->\n\t\t\t\t<div id=\"ngg-image-0\" class=\"ngg-gallery-thumbnail-box ngg-1-columns\" >\n\t\t\t\t        <div class=\"ngg-gallery-thumbnail\">\n            <a href=\"https:\/\/nagel-metallbau.com\/wp-content\/gallery\/historie-nagel\/Historie_Nagel_2_1900x900.jpg\"\n               title=\"\"\n               data-src=\"https:\/\/nagel-metallbau.com\/wp-content\/gallery\/historie-nagel\/Historie_Nagel_2_1900x900.jpg\"\n               data-thumbnail=\"https:\/\/nagel-metallbau.com\/wp-content\/gallery\/historie-nagel\/thumbs\/thumbs_Historie_Nagel_2_1900x900.jpg\"\n               data-image-id=\"119\"\n               data-title=\"Historie_Nagel_2_1900x900\"\n               data-description=\"\"\n               data-image-slug=\"historie_nagel_2_1900x900\"\n               class=\"ngg-simplelightbox\" rel=\"20a1c2c9210f9fe7d961ad62f6f9847e\">\n                <img\n                    title=\"Historie_Nagel_2_1900x900\"\n                    alt=\"Historie_Nagel_2_1900x900\"\n                    src=\"https:\/\/nagel-metallbau.com\/wp-content\/gallery\/historie-nagel\/cache\/Historie_Nagel_2_1900x900.jpg-nggid03119-ngg0dyn-1900x900x100-00f0w010c011r110f110r010t010.jpg\"\n                    width=\"1800\"\n                    height=\"900\"\n                    style=\"max-width:100%;\"\n                \/>\n            <\/a>\n        <\/div>\n\t\t\t\t\t\t\t<\/div> \n\t\t\t\n\t\n\t<br style=\"clear: both\" \/>\n\n\t\n\t\t<!-- Pagination -->\n\t<div class='ngg-clear'><\/div>\t<\/div>\n\n","protected":false},"excerpt":{"rendered":"<p>Qualit\u00e4t, durch Erfahrung. Die Nagel Metallbau GmbH &amp; Co KG ist ein alteingesessenes Unternehmen, dessen Wurzeln bis in das Jahr 1948 zur\u00fcckgehen. Die Schwerpunkte unserer T\u00e4tigkeit liegen im Bereich der handwerklichen Metall- und Feinblechbearbeitung. Besonders qualifiziert sind wir dabei in der Produktion von Schallschutzelementen und von Sonderformteilen f\u00fcr Luftkanalanlagen. Desweiteren fertigen wir Stahl- und Metallkonstruktionen [&hellip;]<\/p>\n","protected":false},"author":1,"featured_media":0,"parent":0,"menu_order":0,"comment_status":"closed","ping_status":"closed","template":"","meta":{"ngg_post_thumbnail":0},"_links":{"self":[{"href":"https:\/\/nagel-metallbau.com\/index.php?rest_route=\/wp\/v2\/pages\/147"}],"collection":[{"href":"https:\/\/nagel-metallbau.com\/index.php?rest_route=\/wp\/v2\/pages"}],"about":[{"href":"https:\/\/nagel-metallbau.com\/index.php?rest_route=\/wp\/v2\/types\/page"}],"author":[{"embeddable":true,"href":"https:\/\/nagel-metallbau.com\/index.php?rest_route=\/wp\/v2\/users\/1"}],"replies":[{"embeddable":true,"href":"https:\/\/nagel-metallbau.com\/index.php?rest_route=%2Fwp%2Fv2%2Fcomments&post=147"}],"version-history":[{"count":103,"href":"https:\/\/nagel-metallbau.com\/index.php?rest_route=\/wp\/v2\/pages\/147\/revisions"}],"predecessor-version":[{"id":1696,"href":"https:\/\/nagel-metallbau.com\/index.php?rest_route=\/wp\/v2\/pages\/147\/revisions\/1696"}],"wp:attachment":[{"href":"https:\/\/nagel-metallbau.com\/index.php?rest_route=%2Fwp%2Fv2%2Fmedia&parent=147"}],"curies":[{"name":"wp","href":"https:\/\/api.w.org\/{rel}","templated":true}]}}