{"id":160,"date":"2019-04-11T15:16:58","date_gmt":"2019-04-11T13:16:58","guid":{"rendered":"http:\/\/nagel-metallbau.com\/?page_id=160"},"modified":"2019-06-06T15:15:55","modified_gmt":"2019-06-06T13:15:55","slug":"produkte","status":"publish","type":"page","link":"https:\/\/nagel-metallbau.com\/?page_id=160","title":{"rendered":"PRODUKTE"},"content":{"rendered":"\n<p> \u2022&nbsp;<a href=\"https:\/\/nagel-metallbau.com\/?page_id=451\">SCHALLSCHUTZ<\/a>&nbsp;\u2022&nbsp;<a href=\"https:\/\/nagel-metallbau.com\/?page_id=812&amp;customize_changeset_uuid=19dd2d74-724e-4ed8-b5a6-926e4eaa2796\">T\u00dcREN &amp; TORE<\/a> \u2022&nbsp;<a href=\"https:\/\/nagel-metallbau.com\/?page_id=453\">STAHL- &amp; METALLBAU<\/a>&nbsp;\u2022 <\/p>\n\n\n\n<hr class=\"wp-block-separator\"\/>\n\n\n\n<!-- default-view.php -->\n<div\n\tclass=\"ngg-galleryoverview default-view \"\n\tid=\"ngg-gallery-8da99b04c3a317ee4e1da870f82b7ef2-1\">\n\n\t\t<!-- Thumbnails -->\n\t\t\t\t<div id=\"ngg-image-0\" class=\"ngg-gallery-thumbnail-box ngg-1-columns\" >\n\t\t\t\t        <div class=\"ngg-gallery-thumbnail\">\n            <a href=\"https:\/\/nagel-metallbau.com\/wp-content\/gallery\/produkte\/Slider_4_1900x400.jpg\"\n               title=\"\"\n               data-src=\"https:\/\/nagel-metallbau.com\/wp-content\/gallery\/produkte\/Slider_4_1900x400.jpg\"\n               data-thumbnail=\"https:\/\/nagel-metallbau.com\/wp-content\/gallery\/produkte\/thumbs\/thumbs_Slider_4_1900x400.jpg\"\n               data-image-id=\"122\"\n               data-title=\"Slider_4_1900x400\"\n               data-description=\"\"\n               data-image-slug=\"slider_4_1900x400\"\n               class=\"ngg-simplelightbox\" rel=\"8da99b04c3a317ee4e1da870f82b7ef2\">\n                <img\n                    title=\"Slider_4_1900x400\"\n                    alt=\"Slider_4_1900x400\"\n                    src=\"https:\/\/nagel-metallbau.com\/wp-content\/gallery\/produkte\/cache\/Slider_4_1900x400.jpg-nggid03122-ngg0dyn-1900x400x100-00f0w010c011r110f110r010t010.jpg\"\n                    width=\"1800\"\n                    height=\"378\"\n                    style=\"max-width:100%;\"\n                \/>\n            <\/a>\n        <\/div>\n\t\t\t\t\t\t\t<\/div> \n\t\t\t\n\t\n\t<br style=\"clear: both\" \/>\n\n\t\n\t\t<!-- Pagination -->\n\t<div class='ngg-clear'><\/div>\t<\/div>\n\n\n\n\n<p><strong>Mit unseren Produkten l\u00f6sen wir f\u00fcr Sie jede Herausforderung.<\/strong><\/p>\n\n\n\n<hr class=\"wp-block-separator\"\/>\n\n\n\n<p>Mit unserem Team fertigen wir hoch technologisierte, und individuell gefertigte Produkte nach ISO 9001. <br>In einer dynamischen Branche wollen wir Sie durch unseren hohen Qualit\u00e4tsanspruch \u00fcberzeugen. <br>Unserer Mitarbeiter haben diesen Anspruch in den vergangenen Jahrzehnten verinnerlicht und tragen allt\u00e4glich dazu bei, Produkte individuell, funktionell, qualitativ hochwertig und optisch ansprechend zu gestalten und herzustellen. \u00a0<br><\/p>\n\n\n\n<p> Sie haben Interesse an unserem Unternehmen und\/oder Fragen zu Produkten und w\u00fcnschen eine schnelle Kontaktaufnahme. Nutzen Sie unser <a href=\"https:\/\/nagel-metallbau.com\/?page_id=201&amp;customize_changeset_uuid=19dd2d74-724e-4ed8-b5a6-926e4eaa2796\">Kontaktformular<\/a> oder erreichen Sie uns telefonisch unter:  <a href=\"http:\/\/+49%206282%20\/%2092642-0\">+49 6282 \/ 92642-0\u00a0<\/a> <br><\/p>\n","protected":false},"excerpt":{"rendered":"<p>\u2022&nbsp;SCHALLSCHUTZ&nbsp;\u2022&nbsp;T\u00dcREN &amp; TORE \u2022&nbsp;STAHL- &amp; METALLBAU&nbsp;\u2022 Mit unseren Produkten l\u00f6sen wir f\u00fcr Sie jede Herausforderung. Mit unserem Team fertigen wir hoch technologisierte, und individuell gefertigte Produkte nach ISO 9001. In einer dynamischen Branche wollen wir Sie durch unseren hohen Qualit\u00e4tsanspruch \u00fcberzeugen. Unserer Mitarbeiter haben diesen Anspruch in den vergangenen Jahrzehnten verinnerlicht und tragen allt\u00e4glich dazu [&hellip;]<\/p>\n","protected":false},"author":1,"featured_media":0,"parent":0,"menu_order":0,"comment_status":"closed","ping_status":"closed","template":"","meta":{"ngg_post_thumbnail":0},"_links":{"self":[{"href":"https:\/\/nagel-metallbau.com\/index.php?rest_route=\/wp\/v2\/pages\/160"}],"collection":[{"href":"https:\/\/nagel-metallbau.com\/index.php?rest_route=\/wp\/v2\/pages"}],"about":[{"href":"https:\/\/nagel-metallbau.com\/index.php?rest_route=\/wp\/v2\/types\/page"}],"author":[{"embeddable":true,"href":"https:\/\/nagel-metallbau.com\/index.php?rest_route=\/wp\/v2\/users\/1"}],"replies":[{"embeddable":true,"href":"https:\/\/nagel-metallbau.com\/index.php?rest_route=%2Fwp%2Fv2%2Fcomments&post=160"}],"version-history":[{"count":26,"href":"https:\/\/nagel-metallbau.com\/index.php?rest_route=\/wp\/v2\/pages\/160\/revisions"}],"predecessor-version":[{"id":1628,"href":"https:\/\/nagel-metallbau.com\/index.php?rest_route=\/wp\/v2\/pages\/160\/revisions\/1628"}],"wp:attachment":[{"href":"https:\/\/nagel-metallbau.com\/index.php?rest_route=%2Fwp%2Fv2%2Fmedia&parent=160"}],"curies":[{"name":"wp","href":"https:\/\/api.w.org\/{rel}","templated":true}]}}