{"id":199,"date":"2019-04-11T16:00:19","date_gmt":"2019-04-11T14:00:19","guid":{"rendered":"http:\/\/nagel-metallbau.com\/?page_id=199"},"modified":"2019-06-06T15:13:25","modified_gmt":"2019-06-06T13:13:25","slug":"dienstleistung","status":"publish","type":"page","link":"https:\/\/nagel-metallbau.com\/?page_id=199","title":{"rendered":"DIENSTLEISTUNG"},"content":{"rendered":"\n<p> \u2022&nbsp;<a href=\"https:\/\/nagel-metallbau.com\/?page_id=432&amp;customize_changeset_uuid=19dd2d74-724e-4ed8-b5a6-926e4eaa2796\">Beratung <\/a>\u2022 <a href=\"https:\/\/nagel-metallbau.com\/?page_id=436&amp;customize_changeset_uuid=19dd2d74-724e-4ed8-b5a6-926e4eaa2796\">Planung &amp; Konstruktion<\/a> \u2022 <a href=\"https:\/\/nagel-metallbau.com\/?page_id=434&amp;customize_changeset_uuid=19dd2d74-724e-4ed8-b5a6-926e4eaa2796\">Montage <\/a>\u2022 &nbsp; <\/p>\n\n\n\n<hr class=\"wp-block-separator\"\/>\n\n\n\n<!-- default-view.php -->\n<div\n\tclass=\"ngg-galleryoverview default-view \"\n\tid=\"ngg-gallery-71c093bf6a4c7c17007ee14d7b084802-1\">\n\n\t\t<!-- Thumbnails -->\n\t\t\t\t<div id=\"ngg-image-0\" class=\"ngg-gallery-thumbnail-box ngg-1-columns\" >\n\t\t\t\t        <div class=\"ngg-gallery-thumbnail\">\n            <a href=\"https:\/\/nagel-metallbau.com\/wp-content\/gallery\/dienstleistungen\/Dienstleistung_1900x400.png\"\n               title=\"\"\n               data-src=\"https:\/\/nagel-metallbau.com\/wp-content\/gallery\/dienstleistungen\/Dienstleistung_1900x400.png\"\n               data-thumbnail=\"https:\/\/nagel-metallbau.com\/wp-content\/gallery\/dienstleistungen\/thumbs\/thumbs_Dienstleistung_1900x400.png\"\n               data-image-id=\"127\"\n               data-title=\"Dienstleistung_1900x400\"\n               data-description=\"\"\n               data-image-slug=\"dienstleistung_1900x400\"\n               class=\"ngg-simplelightbox\" rel=\"71c093bf6a4c7c17007ee14d7b084802\">\n                <img\n                    title=\"Dienstleistung_1900x400\"\n                    alt=\"Dienstleistung_1900x400\"\n                    src=\"https:\/\/nagel-metallbau.com\/wp-content\/gallery\/dienstleistungen\/cache\/Dienstleistung_1900x400.png-nggid03127-ngg0dyn-1900x400x100-00f0w010c011r110f110r010t010.png\"\n                    width=\"1800\"\n                    height=\"379\"\n                    style=\"max-width:100%;\"\n                \/>\n            <\/a>\n        <\/div>\n\t\t\t\t\t\t\t<\/div> \n\t\t\t\n\t\n\t<br style=\"clear: both\" \/>\n\n\t\n\t\t<!-- Pagination -->\n\t<div class='ngg-clear'><\/div>\t<\/div>\n\n\n\n\n<p style=\"text-align:left\"><strong>Unser Einsatz bringt TOP Leistungen.<\/strong><\/p>\n\n\n\n<hr class=\"wp-block-separator\"\/>\n\n\n\n<div class=\"wp-block-image\"><figure class=\"alignleft is-resized\"><img loading=\"lazy\" src=\"http:\/\/nagel-metallbau.com\/wp-content\/uploads\/2019\/05\/Montage_1000x1000.jpg\" alt=\"\" class=\"wp-image-1459\" width=\"250\" height=\"250\" srcset=\"https:\/\/nagel-metallbau.com\/wp-content\/uploads\/2019\/05\/Montage_1000x1000.jpg 1000w, https:\/\/nagel-metallbau.com\/wp-content\/uploads\/2019\/05\/Montage_1000x1000-150x150.jpg 150w, https:\/\/nagel-metallbau.com\/wp-content\/uploads\/2019\/05\/Montage_1000x1000-300x300.jpg 300w, https:\/\/nagel-metallbau.com\/wp-content\/uploads\/2019\/05\/Montage_1000x1000-768x768.jpg 768w\" sizes=\"(max-width: 250px) 100vw, 250px\" \/><\/figure><\/div>\n\n\n\n<p><br>Wir bieten ma\u00dfgeschneiderte Produkte und Dienstleistungen aus den Bereichen Metallbau,  Akustik und Schwingungstechnik an. <\/p>\n\n\n\n<p>Unsere Kernkompetenz ist die individuelle Anfertigung von Bauteilen aus dem Bereich Akustik und Schallschutz. Ein hohes Ma\u00df an Flexibilit\u00e4t erm\u00f6glicht es uns auf W\u00fcnsche einzugehen und die Planung zeitnah zu realisieren. Unser erfahrenes Team an Monteuren sorgt f\u00fcr eine reiblungslose Finalisierung des Projekts. <\/p>\n\n\n\n<p>Hohe Kundenzufriedenheit sind uns Anspruch und Ansporn zugleich.<\/p>\n\n\n\n<p> Sie haben Interesse an unserem Unternehmen und\/oder Fragen zu Produkten und w\u00fcnschen eine schnelle Kontaktaufnahme. Nutzen Sie unser <a href=\"https:\/\/nagel-metallbau.com\/?page_id=201&amp;customize_changeset_uuid=19dd2d74-724e-4ed8-b5a6-926e4eaa2796\">Kontaktformular<\/a> oder erreichen Sie uns telefonisch unter:  <a href=\"http:\/\/+49%206282%20\/%2092642-0\">+49 6282 \/ 92642-0\u00a0<\/a> <br><br><\/p>\n","protected":false},"excerpt":{"rendered":"<p>\u2022&nbsp;Beratung \u2022 Planung &amp; Konstruktion \u2022 Montage \u2022 &nbsp; Unser Einsatz bringt TOP Leistungen. Wir bieten ma\u00dfgeschneiderte Produkte und Dienstleistungen aus den Bereichen Metallbau, Akustik und Schwingungstechnik an. Unsere Kernkompetenz ist die individuelle Anfertigung von Bauteilen aus dem Bereich Akustik und Schallschutz. Ein hohes Ma\u00df an Flexibilit\u00e4t erm\u00f6glicht es uns auf W\u00fcnsche einzugehen und die [&hellip;]<\/p>\n","protected":false},"author":1,"featured_media":0,"parent":0,"menu_order":0,"comment_status":"closed","ping_status":"closed","template":"","meta":{"ngg_post_thumbnail":0},"_links":{"self":[{"href":"https:\/\/nagel-metallbau.com\/index.php?rest_route=\/wp\/v2\/pages\/199"}],"collection":[{"href":"https:\/\/nagel-metallbau.com\/index.php?rest_route=\/wp\/v2\/pages"}],"about":[{"href":"https:\/\/nagel-metallbau.com\/index.php?rest_route=\/wp\/v2\/types\/page"}],"author":[{"embeddable":true,"href":"https:\/\/nagel-metallbau.com\/index.php?rest_route=\/wp\/v2\/users\/1"}],"replies":[{"embeddable":true,"href":"https:\/\/nagel-metallbau.com\/index.php?rest_route=%2Fwp%2Fv2%2Fcomments&post=199"}],"version-history":[{"count":21,"href":"https:\/\/nagel-metallbau.com\/index.php?rest_route=\/wp\/v2\/pages\/199\/revisions"}],"predecessor-version":[{"id":1626,"href":"https:\/\/nagel-metallbau.com\/index.php?rest_route=\/wp\/v2\/pages\/199\/revisions\/1626"}],"wp:attachment":[{"href":"https:\/\/nagel-metallbau.com\/index.php?rest_route=%2Fwp%2Fv2%2Fmedia&parent=199"}],"curies":[{"name":"wp","href":"https:\/\/api.w.org\/{rel}","templated":true}]}}