{"id":466,"date":"2019-04-17T17:12:46","date_gmt":"2019-04-17T15:12:46","guid":{"rendered":"http:\/\/nagel-metallbau.com\/?page_id=466"},"modified":"2020-05-04T09:36:48","modified_gmt":"2020-05-04T07:36:48","slug":"agb","status":"publish","type":"page","link":"https:\/\/nagel-metallbau.com\/?page_id=466","title":{"rendered":"AGB"},"content":{"rendered":"\n<figure class=\"wp-block-image is-resized\"><img loading=\"lazy\" src=\"http:\/\/nagel-metallbau.com\/wp-content\/uploads\/2019\/04\/nagel-logo-1-1024x348.png\" alt=\"\" class=\"wp-image-103\" width=\"512\" height=\"174\"\/><\/figure>\n\n\n\n<hr class=\"wp-block-separator\"\/>\n\n\n\n<p>Auf dieser Seite stehen Ihnen unsere Allgemeinen Gesch\u00e4fts- sowie Montagebedingungen zur Einsicht, sowie zum Download zur Verf\u00fcgung. <\/p>\n\n\n\n<p>Allgemeine Gesch\u00e4fts- und Montagebedingungen der Nagel Metallbau GmbH &amp; Co. KG &#8211; Stand: 04.2020<\/p>\n\n\n\n<div class=\"wp-block-file\"><a href=\"http:\/\/nagel-metallbau.com\/wp-content\/uploads\/2020\/05\/Nagel_Metallbau_GmbH_und_Co._KG_AGB_2020.pdf\">AGB\u00b4s 04.2020<\/a><a href=\"http:\/\/nagel-metallbau.com\/wp-content\/uploads\/2020\/05\/Nagel_Metallbau_GmbH_und_Co._KG_AGB_2020.pdf\" class=\"wp-block-file__button\" download>Herunterladen<\/a><\/div>\n\n\n\n<div class=\"wp-block-file\"><a href=\"http:\/\/nagel-metallbau.com\/wp-content\/uploads\/2020\/05\/Nagel_Metallbau_GmbH_und_Co._KG_Montagebedingungen_2020.pdf\">Montagebedingungen 04.2020<\/a><a href=\"http:\/\/nagel-metallbau.com\/wp-content\/uploads\/2020\/05\/Nagel_Metallbau_GmbH_und_Co._KG_Montagebedingungen_2020.pdf\" class=\"wp-block-file__button\" download>Herunterladen<\/a><\/div>\n\n\n\n<p><strong>Nagel Metallbau GmbH &amp; Co. KG<\/strong><br> Im Barnholz 12&nbsp;&#8211; 74731 Walld\u00fcrn<br> Tel: +49 (0) 6282 92642 &#8211; 0 \/ Fax: +49 (0) 6282 92642 &#8211; 19<br> Email: info@nagel-metallbau.com <\/p>\n\n\n\n<p>Sie haben Interesse an unserem Unternehmen und\/oder Fragen zu Produkten und w\u00fcnschen eine schnelle Kontaktaufnahme. Nutzen Sie unser <a href=\"https:\/\/nagel-metallbau.com\/?page_id=201&amp;customize_changeset_uuid=19dd2d74-724e-4ed8-b5a6-926e4eaa2796\">Kontaktformular<\/a> oder erreichen Sie uns telefonisch unter:  <a href=\"http:\/\/+49 6282 \/ 92642-0\">+49 6282 \/ 92642-0&nbsp;<\/a><\/p>\n","protected":false},"excerpt":{"rendered":"<p>Auf dieser Seite stehen Ihnen unsere Allgemeinen Gesch\u00e4fts- sowie Montagebedingungen zur Einsicht, sowie zum Download zur Verf\u00fcgung. Allgemeine Gesch\u00e4fts- und Montagebedingungen der Nagel Metallbau GmbH &amp; Co. KG &#8211; Stand: 04.2020 Nagel Metallbau GmbH &amp; Co. KG Im Barnholz 12&nbsp;&#8211; 74731 Walld\u00fcrn Tel: +49 (0) 6282 92642 &#8211; 0 \/ Fax: +49 (0) 6282 92642 [&hellip;]<\/p>\n","protected":false},"author":1,"featured_media":0,"parent":0,"menu_order":0,"comment_status":"closed","ping_status":"closed","template":"","meta":{"ngg_post_thumbnail":0},"_links":{"self":[{"href":"https:\/\/nagel-metallbau.com\/index.php?rest_route=\/wp\/v2\/pages\/466"}],"collection":[{"href":"https:\/\/nagel-metallbau.com\/index.php?rest_route=\/wp\/v2\/pages"}],"about":[{"href":"https:\/\/nagel-metallbau.com\/index.php?rest_route=\/wp\/v2\/types\/page"}],"author":[{"embeddable":true,"href":"https:\/\/nagel-metallbau.com\/index.php?rest_route=\/wp\/v2\/users\/1"}],"replies":[{"embeddable":true,"href":"https:\/\/nagel-metallbau.com\/index.php?rest_route=%2Fwp%2Fv2%2Fcomments&post=466"}],"version-history":[{"count":12,"href":"https:\/\/nagel-metallbau.com\/index.php?rest_route=\/wp\/v2\/pages\/466\/revisions"}],"predecessor-version":[{"id":1674,"href":"https:\/\/nagel-metallbau.com\/index.php?rest_route=\/wp\/v2\/pages\/466\/revisions\/1674"}],"wp:attachment":[{"href":"https:\/\/nagel-metallbau.com\/index.php?rest_route=%2Fwp%2Fv2%2Fmedia&parent=466"}],"curies":[{"name":"wp","href":"https:\/\/api.w.org\/{rel}","templated":true}]}}