{"id":470,"date":"2019-04-17T17:13:20","date_gmt":"2019-04-17T15:13:20","guid":{"rendered":"http:\/\/nagel-metallbau.com\/?page_id=470"},"modified":"2023-03-29T11:23:03","modified_gmt":"2023-03-29T09:23:03","slug":"impressum","status":"publish","type":"page","link":"https:\/\/nagel-metallbau.com\/?page_id=470","title":{"rendered":"IMPRESSUM &#038; DATENSCHUTZERKL\u00c4RUNG"},"content":{"rendered":"\n<h3> <strong>Impressum \u2013 Angaben gem\u00e4\u00df \u00a7 5 TMG:<\/strong> <\/h3>\n\n\n\n<div class=\"wp-block-image\"><figure class=\"alignright is-resized\"><img loading=\"lazy\" src=\"http:\/\/nagel-metallbau.com\/wp-content\/uploads\/2019\/04\/nagel-logo-1024x348.png\" alt=\"\" class=\"wp-image-102\" width=\"768\" height=\"261\" srcset=\"https:\/\/nagel-metallbau.com\/wp-content\/uploads\/2019\/04\/nagel-logo-1024x348.png 1024w, https:\/\/nagel-metallbau.com\/wp-content\/uploads\/2019\/04\/nagel-logo-300x102.png 300w, https:\/\/nagel-metallbau.com\/wp-content\/uploads\/2019\/04\/nagel-logo-768x261.png 768w, https:\/\/nagel-metallbau.com\/wp-content\/uploads\/2019\/04\/nagel-logo.png 1201w\" sizes=\"(max-width: 768px) 100vw, 768px\" \/><\/figure><\/div>\n\n\n\n<p><strong>Nagel Metallbau GmbH &amp; Co. KG<\/strong><br> Im Barnholz 12&nbsp;&#8211; 74731 Walld\u00fcrn<br> Tel: +49 (0) 6282 92642 &#8211; 0 \/ Fax: +49 (0) 6282 92642 &#8211; 19<br> Email: info@nagel-metallbau.com <\/p>\n\n\n\n<p> Die Adresse unserer Website ist: http:\/\/nagel-metallbau.com. <\/p>\n\n\n\n<p>Nagel Metallbau GmbH &amp; Co. KG, Sitz Walld\u00fcrn<br>Registergericht Mannheim, HRA 700184<br><\/p>\n\n\n\n<p><strong>Umsatzsteuer-ID:<\/strong>  DE248223347 <\/p>\n\n\n\n<p> <strong>Vertreten durch:<\/strong> <\/p>\n\n\n\n<p>Pers\u00f6nlich haftende Gesellschafterin<br>Nagel Metallbau Verwaltungs-GmbH<br>Registergericht Mannheim, HRB 460042<br>Gesch\u00e4ftsf\u00fchrer: Peter R\u00f6dig<\/p>\n\n\n\n<p>Umsatzsteuer-Identifikationsnummer gem\u00e4\u00df \u00a727 a Umsatzsteuergesetz<\/p>\n\n\n\n<p>Wir sind nicht bereit oder verpflichtet, an Streitbeilegungsverfahren vor einer Verbraucherschlichtungsstelle teilzunehmen. <\/p>\n\n\n\n<p><strong> Programierung &amp; Design<\/strong><\/p>\n\n\n\n<p><a rel=\"noreferrer noopener\" href=\"https:\/\/www.systemhaus-joam.de\" target=\"_blank\">www.saege-graphics.de<\/a><\/p>\n\n\n\n<p><strong>Verantwortlich f\u00fcr den Inhalt nach \u00a7 55 Abs. 2 RStV:<\/strong><\/p>\n\n\n\n<p>Peter R\u00f6dig<\/p>\n\n\n\n<p> <strong>Bildrechte<\/strong>:  Nagel Metallbau GmbH &amp; Co. KG <\/p>\n\n\n\n<h4><strong>Haftungsausschluss<\/strong><\/h4>\n\n\n\n<h5>HAFTUNG F\u00dcR INHALTE:<\/h5>\n\n\n\n<p>Die Inhalte unserer Seiten wurden mit gr\u00f6\u00dfter Sorgfalterstellt. F\u00fcr die Richtigkeit, Vollst\u00e4ndigkeit und Aktualit\u00e4t der Inhalte k\u00f6nnen wir jedoch keine Gew\u00e4hr \u00fcbernehmen.<br>Als Diensteanbieter sind wir gem\u00e4\u00df \u00a7 7 Abs.1 TMG f\u00fcr eigene Inhalte auf diesen Seiten nach den allgemeinen Gesetzen verantwortlich. Nach \u00a7\u00a7 8 bis 10 TMG sind wir als Diensteanbieter jedoch nicht verpflichtet, \u00fcbermittelte oder gespeicherte fremde Informationen zu \u00fcberwachen oder nach Umst\u00e4nden zu forschen, die auf eine rechtswidrige T\u00e4tigkeit hinweisen. Verpflichtungen zur Entfernung oder Sperrung der Nutzung von Informationen nach den allgemeinen Gesetzen bleiben hiervon unber\u00fchrt. Eine diesbez\u00fcgliche Haftung ist jedoch erst ab dem Zeitpunkt der Kenntnis einer konkreten Rechtsverletzung m\u00f6glich. Bei bekannt werden von entsprechenden Rechtsverletzungen werden wir diese Inhalte umgehend entfernen.<\/p>\n\n\n\n<h5>HAFTUNG F\u00dcR LINKS:<\/h5>\n\n\n\n<p>Unser Angebot enth\u00e4lt Links zu externen Webseiten Dritter, auf deren Inhalte wir keinen Einfluss haben. Deshalb k\u00f6nnen wir f\u00fcr diese fremden Inhalte auch keine Gew\u00e4hr \u00fcbernehmen. F\u00fcr die Inhalte der verlinkten Seiten ist stets der jeweilige Anbieter oder Betreiber der Seiten verantwortlich.<br>Die verlinkten Seiten wurden zum Zeitpunkt der Verlinkung auf m\u00f6gliche Rechtsverst\u00f6\u00dfe \u00fcberpr\u00fcft. Rechtswidrige Inhalte waren zum Zeitpunkt der Verlinkung nicht erkennbar. Eine permanente inhaltliche Kontrolle der verlinkten Seiten ist jedoch ohne konkrete Anhaltspunkte einer Rechtsverletzung nicht zumutbar. Bei Bekanntwerden von Rechtsverletzungen werden wir derartige Links umgehend entfernen.<\/p>\n\n\n\n<h5>URHEBERRECHT:<\/h5>\n\n\n\n<p>Die durch die Seitenbetreiber erstellten Inhalte und Werke auf diesen Seiten unterliegen dem deutschen Urheberrecht. Die Vervielf\u00e4ltigung, Bearbeitung, Verbreitung und jede Art der Verwertung au\u00dferhalb der Grenzen des Urheberrechtes bed\u00fcrfen der schriftlichen Zustimmung des jeweiligen Autors bzw. Erstellers. Downloads und Kopien dieser Seite sind nur f\u00fcr den privaten, nicht kommerziellen Gebrauch gestattet.<br>Soweit die Inhalte auf dieser Seite nicht vom Betreiber erstellt wurden, werden die Urheberrechte Dritter beachtet. Insbesondere werden Inhalte Dritter als solche gekennzeichnet. Sollten Sie trotzdem auf eine Urheberrechtsverletzung aufmerksam werden, bitten wir um einen entsprechenden Hinweis. Bei Bekanntwerden von Rechtsverletzungen werden wir derartige Inhalte umgehend entfernen.<\/p>\n\n\n\n<h3>DATENSCHUTZERKL\u00c4RUNG:<\/h3>\n\n\n\n<div class=\"wp-block-group\"><div class=\"wp-block-group__inner-container\">\n<div class=\"wp-block-group\"><div class=\"wp-block-group__inner-container\">\n<p>Datenschutzerkl\u00e4rung f\u00fcr die Website https:\/\/nagel-metallbau.com<\/p>\n\n\n\n<ol><li><strong>Name und Anschrift des f\u00fcr die Verarbeitung Verantwortlichen<\/strong><\/li><\/ol>\n\n\n\n<p>Verantwortlicher im Sinne der Datenschutz-Grundverordnung, sonstiger in den Mitgliedstaaten der Europ\u00e4ischen Union geltenden Datenschutzgesetze und anderer Bestimmungen mit datenschutzrechtlichem Charakter ist die Gesellschaft:<\/p>\n\n\n\n<p>Name: Nagel Metallbau GmbH &amp; Co KG<br>Anschrift: Im Barnholz 12<br>Tel: 06282 92642 15<br>Fax: 06282 92642 19<br>E-Mail: info@nagel-metallbau.com<br><\/p>\n\n\n\n<p><strong>Name und Anschrift des Datenschutzbeauftragten<\/strong><\/p>\n\n\n\n<p>Der Datenschutzbeauftragte des f\u00fcr die Verarbeitung Verantwortlichen ist:<\/p>\n\n\n\n<p>Name: Peter R\u00f6dig<br>Tel.: 06282 92642 0<br>E-Mail: info@nagel-metallbau.com<\/p>\n\n\n\n<p><strong>2. Erhebung und Speicherung personenbezogener Daten sowie Art und Zweck von deren Verwendung<\/strong><br>a) Beim Besuch der Website<br>Beim Aufrufen unserer Website werden durch den auf Ihrem Endger\u00e4t zum Einsatz kommenden Browser automatisch Informationen an den Server unserer Website gesendet. Diese Informationen werden tempor\u00e4r in einem sog. Logfile gespeichert.<br>Folgende Informationen werden dabei ohne Ihr Zutun erfasst und bis zur automatisierten L\u00f6schung gespeichert:<br>&#8211; IP-Adresse des anfragenden Rechners,<br>&#8211; Datum und Uhrzeit des Zugriffs,<br>&#8211; Name und URL der abgerufenen Datei,<br>&#8211; Website, von der aus der Zugriff erfolgt (Referrer-URL),<br>&#8211; verwendeter Browser und ggf. das Betriebssystem Ihres Rechners sowie der<br>&#8211; Name Ihres Access-Providers.<\/p>\n\n\n\n<p>Die genannten Daten werden durch uns zu folgenden Zwecken verarbeitet:<\/p>\n\n\n\n<p>&#8211; Gew\u00e4hrleistung eines reibungslosen Verbindungsaufbaus der Website,<br>&#8211; Gew\u00e4hrleistung einer komfortablen Nutzung unserer Website,<br>&#8211; Auswertung der Systemsicherheit und -stabilit\u00e4t sowie<br>&#8211; zu weiteren administrativen Zwecken.<\/p>\n\n\n\n<p>Die Rechtsgrundlage f\u00fcr die Datenverarbeitung ist Art. 6 Abs. 1 S. 1 lit. f DSGVO. Unser berechtigtes Interesse folgt aus oben aufgelisteten Zwecken zur Datenerhebung. In keinem Fall verwenden wir die erhobenen Daten zu dem Zweck, R\u00fcckschl\u00fcsse auf Ihre Person zu ziehen.<\/p>\n\n\n\n<p>b) Bei Anmeldung f\u00fcr unseren Newsletter<br>Sofern Sie nach Art. 6 Abs. 1 S. 1 lit. a DSGVO ausdr\u00fccklich eingewilligt haben, verwenden wir Ihre E-Mail-Adresse daf\u00fcr, Ihnen regelm\u00e4\u00dfig unseren Newsletter zu \u00fcbersenden. F\u00fcr den Empfang des Newsletters ist die Angabe einer E-Mail-Adresse ausreichend. Die Abmeldung ist jederzeit m\u00f6glich, zum Beispiel \u00fcber einen Link am Ende eines jeden<br>Newsletters. Alternativ k\u00f6nnen Sie Ihren Abmeldewunsch gerne auch jederzeit mittels der oben genannten Kontaktdaten, per E-Mail, Telefax oder postalisch an uns senden.<\/p>\n\n\n\n<p>c) Bei Nutzung unseres Kontaktformulars Bei Fragen jeglicher Art bieten wir Ihnen die M\u00f6glichkeit, mit uns \u00fcber ein auf der Website bereitgestelltes Formular Kontakt aufzunehmen. Dabei ist die Angabe einer g\u00fcltigen E-Mail-Adresse erforderlich, damit wir wissen, von wem die Anfrage stammt und<br>um diese beantworten zu k\u00f6nnen. Weitere Angaben k\u00f6nnen freiwillig  get\u00e4tigt werden. ie Datenverarbeitung zum Zwecke der Kontaktaufnahme mit uns erfolgt nach Art. 6 Abs. 1 S. 1 lit. a DSGVO auf Grundlage Ihrer freiwillig erteilten Einwilligung. Die f\u00fcr die Benutzung des Kontaktformulars von uns erhobenen personenbezogenen<br>Daten werden nach Erledigung der von Ihnen gestellten Anfrage automatisch gel\u00f6scht.<\/p>\n\n\n\n<ol start=\"3\"><li><strong>Weitergabe von Daten<\/strong><\/li><\/ol>\n\n\n\n<p>Eine \u00dcbermittlung Ihrer pers\u00f6nlichen Daten an Dritte zu anderen als den im Folgenden aufgef\u00fchrten Zwecken findet nicht statt. Wir geben Ihre pers\u00f6nlichen Daten nur an Dritte weiter, wenn:<br>&#8211; Sie Ihre nach Art. 6 Abs. 1 S. 1 lit. a DSGVO ausdr\u00fcckliche Einwilligung dazu erteilt haben,<br>&#8211; die Weitergabe nach Art. 6 Abs. 1 S. 1 lit. f DSGVO zur Geltendmachung, Aus\u00fcbung oder Verteidigung von Rechtsanspr\u00fcchen erforderlich ist und kein Grund zur Annahme besteht, dass Sie ein \u00fcberwiegendes schutzw\u00fcrdiges Interesse an der Nichtweitergabe Ihrer Daten haben,<br>&#8211; f\u00fcr den Fall, dass f\u00fcr die Weitergabe nach Art. 6 Abs. 1 S. 1 lit. c DSGVO eine gesetzliche Verpflichtung besteht, sowie<br>&#8211; dies gesetzlich zul\u00e4ssig und nach Art. 6 Abs. 1 S. 1 lit. b DSGVO f\u00fcr die Abwicklung von Vertragsverh\u00e4ltnissen mit Ihnen erforderlich ist.<\/p>\n\n\n\n<ol start=\"4\"><li><strong>Cookies<\/strong><\/li><\/ol>\n\n\n\n<p>F\u00fcr den Betrieb der Webseite nutzen wir Cookies. Dies sind Dateien, die ihr Browser bei Besuch unserer Webseite auf ihrem Endger\u00e4t speichert. Sie dienen der Speicherungvon Daten Ihres Besuchs und zur Wiedererkennung wie auch zur statistischen Erfassung, Verbesserung und Gew\u00e4hrleistung des Betriebes unserer Webseite. Rechtsgrundlage hierf\u00fcr ist \u00a7 6 Abs. 1 lit f DSGVO. Tempor\u00e4re Cookies werden nach dem Verlassen der Webseite gel\u00f6scht. Die meisten Browser akzeptieren Cookies<br>automatisch. Sie k\u00f6nnen Ihren Browser jedoch so konfigurieren, dass keine Cookies auf Ihrem Computer gespeichert werden oder stets ein Hinweis erscheint, bevor ein neuer Cookie angelegt wird. Die vollst\u00e4ndige Deaktivierung von Cookies kann jedoch dazu f\u00fchren, dass Sie nicht alle Funktionen unserer Website nutzen k\u00f6nnen.<\/p>\n\n\n\n<ol start=\"5\"><li><strong>Analyse-Tools<\/strong><\/li><\/ol>\n\n\n\n<p>Wir nutzen auf unserer Webseite den Webseiten-Analysedienst f\u00fcr Webseiten von Google Analytics, ein Webanalysedienst der Google Inc.<br>(https:\/\/www.google.de\/intl\/de\/about\/) (1600 Amphitheatre Parkway, Mountain View, CA 94043, USA; im Folgenden \u201eGoogle\u201c). In diesem Zusammenhang werden pseudonymisierte Nutzungsprofile erstellt und Cookies (siehe unter Ziff. 4) verwendet.<br>Die durch den Cookie erzeugten Informationen \u00fcber Ihre Benutzung dieser Website wie<br>&#8211; Browser-Typ\/-Version,<br>&#8211; verwendetes Betriebssystem,<br>&#8211; Referrer-URL (die zuvor besuchte Seite),<br>&#8211; Hostname des zugreifenden Rechners (IP-Adresse),<br>&#8211; Uhrzeit der Serveranfrage, werden an einen Server von Google in den USA \u00fcbertragen und dort gespeichert. Die Informationen werden verwendet, um die Nutzung der Website auszuwerten, um Reports \u00fcber die Websiteaktivit\u00e4ten zusammenzustellen und um weitere mit der<br>Websitenutzung und der Internetnutzung verbundene Dienstleistungen zu Zwecken der Marktforschung und bedarfsgerechten Gestaltung dieser Internetseiten zu erbringen. Auch werden diese Informationen gegebenenfalls an Dritte \u00fcbertragen, sofern dies gesetzlich vorgeschrieben ist oder soweit Dritte diese Daten im Auftrag verarbeiten. Es wird in keinem Fall Ihre IP-Adresse mit anderen Daten von Google zusammengef\u00fchrt.<br>Die IP-Adressen werden anonymisiert, so dass eine Zuordnung nicht m\u00f6glich ist (IP-Masking).<br>Sie k\u00f6nnen die Installation der Cookies durch eine entsprechende Einstellung der Browser-Software verhindern; wir weisen jedoch darauf hin, dass in diesem Fall gegebenenfalls nicht s\u00e4mtliche Funktionen dieser Website vollumf\u00e4nglich genutzt werden k\u00f6nnen.<br>Sie k\u00f6nnen dar\u00fcber hinaus die Erfassung der durch das Cookie erzeugten und auf Ihre Nutzung der Website bezogenen Daten (inkl. Ihrer IP-Adresse) sowie die Verarbeitung dieser Daten durch Google verhindern, indem Sie ein Browser-Add-on herunterladen und installieren (https:\/\/tools.google.com\/dlpage\/gaoptout?hl=de).<\/p>\n\n\n\n<p>Weitere Informationen zum Datenschutz im Zusammenhang mit Google Analytics finden Sie etwa in der Google Analytics-Hilfe<br>(https:\/\/support.google.com\/analytics\/answer\/6004245?hl=de)<\/p>\n\n\n\n<p>Bei Nutzung des Dienstes Google Adwords Conversion Tracking wird, sofern Sie \u00fcber eine Anzeige bei Google auf diese Seite gelangt sind, ein Cookie auf Ihrem Ger\u00e4t gesetzt. Dies dient der Analyse und statistischen Auswertung der Nutzung der Webseite. Das Cookie ist 30 Tage g\u00fcltig. Eine Identifizierung der Person erfolgt nicht, allerdings die Beobachtung, ob der Nutzer \u00fcber eine Google Werbeanzeige auf die Seite gelangt ist. Diese Nutzung k\u00f6nnen Sie verhindern, indem Sie in den Einstellungen Ihres Browsers das Setzen entsprechender Cookies ablehnen.<\/p>\n\n\n\n<ol start=\"6\"><li><strong>Plug-Ins sozialer Netzwerke<\/strong><\/li><\/ol>\n\n\n\n<p>Auf Basis des Art. 6 Abs. 1 S. 1 lit f DSGVO werden Plug-Ins, Verlinkungen und Buttons zu Social Media Webseiten zum Zwecke der Werbung und Information eingesetzt. Durch den Einbau dieser Elemente werden bei Aufruf unserer Seite Daten an die entsprechenden Social Media Anbieter \u00fcbermittelt, ggf. auch in Drittstaaten. Diese Daten werden von den Anbietern gespeichert und verarbeitet; insbesondere kann ein Anbieter,<br>sofern Sie gleichzeitig bei den Social Media Anbietern eingeloggt sind, den Besuch unserer Webseite erkennen. Auch wenn Sie Beitr\u00e4ge unserer Webseite im Social Networt \u201eTeilen\u201c oder sonst weitergeben (\u201eLike\u201c), wird dies dem Anbieter \u00fcbermittelt und von diesem gespeichert, ggf. auch zu Ihrem Nutzerprofil. Die Sozialen Netzwerke nutzen diese Daten zu gesch\u00e4ftlichen Zwecken, Marketing, Werbung und weiteren Zwecken,<br>insbesondere auch zum Anlegen und Erstellen von Profilen \u00fcber Sie und f\u00fcr die Bereitstellung personalisierter Werbung. Zweck und Umfang der Datenerhebung und die weitere Verarbeitung und Nutzung der Daten durch Facebook sowie Ihre diesbez\u00fcglichen Rechte und Einstellungsm\u00f6glichkeiten zum Schutz Ihrer Privatsph\u00e4re<br>entnehmen Sie bitte den Datenschutzhinweisen von Facebook<br>(https:\/\/www.facebook.com\/about\/privacy\/).<\/p>\n\n\n\n<ol start=\"7\"><li><strong>Betroffenenrechte<\/strong><\/li><\/ol>\n\n\n\n<p>Sie haben das Recht:<br>&#8211; gem\u00e4\u00df Art. 15 DSGVO Auskunft \u00fcber Ihre von uns verarbeiteten<br>personenbezogenen Daten zu verlangen. Insbesondere k\u00f6nnen Sie Auskunft \u00fcber die Verarbeitungszwecke, die Kategorie der personenbezogenen Daten, die Kategorien von Empf\u00e4ngern, gegen\u00fcber denen Ihre Daten offengelegt wurden oder werden, die geplante Speicherdauer, das Bestehen eines Rechts auf Berichtigung,<br>L\u00f6schung, Einschr\u00e4nkung der Verarbeitung oder Widerspruch, das Bestehen eines Beschwerderechts, die Herkunft ihrer Daten, sofern diese nicht bei uns erhoben wurden, sowie \u00fcber das Bestehen einer automatisierten Entscheidungsfindung einschlie\u00dflich Profiling und ggf. aussagekr\u00e4ftigen Informationen zu deren Einzelheiten verlangen;<br>&#8211; gem\u00e4\u00df Art. 16 DSGVO unverz\u00fcglich die Berichtigung unrichtiger oder<br>Vervollst\u00e4ndigung Ihrer bei uns gespeicherten personenbezogenen Daten zu verlangen;<br>&#8211; gem\u00e4\u00df Art. 17 DSGVO die L\u00f6schung Ihrer bei uns gespeicherten<br>personenbezogenen Daten zu verlangen, soweit nicht die Verarbeitung zur Aus\u00fcbung des Rechts auf freie Meinungs\u00e4u\u00dferung und Information, zur Erf\u00fcllung einer rechtlichen Verpflichtung, aus Gr\u00fcnden des \u00f6ffentlichen Interesses oder zur Geltendmachung, Aus\u00fcbung oder Verteidigung von Rechtsanspr\u00fcchen erforderlich ist;<br>&#8211; gem\u00e4\u00df Art. 18 DSGVO die Einschr\u00e4nkung der Verarbeitung Ihrer<br>personenbezogenen Daten zu verlangen, soweit die Richtigkeit der Daten von Ihnen bestritten wird, die Verarbeitung unrechtm\u00e4\u00dfig ist, Sie aber deren L\u00f6schung ablehnen und wir die Daten nicht mehr ben\u00f6tigen, Sie jedoch diese zur Geltendmachung, Aus\u00fcbung oder Verteidigung von Rechtsanspr\u00fcchen ben\u00f6tigen oder Sie gem\u00e4\u00df Art. 21 DSGVO Widerspruch gegen die Verarbeitung eingelegt haben;<br>&#8211; gem\u00e4\u00df Art. 20 DSGVO Ihre personenbezogenen Daten, die Sie uns bereitgestellt haben, in einem strukturierten, g\u00e4ngigen und maschinenlesebaren Format zu erhalten oder die \u00dcbermittlung an einen anderen Verantwortlichen zu verlangen;<br>&#8211; gem\u00e4\u00df Art. 7 Abs. 3 DSGVO Ihre einmal erteilte Einwilligung jederzeit gegen\u00fcber uns zu widerrufen. Dies hat zur Folge, dass wir die Datenverarbeitung, die auf dieser Einwilligung beruhte, f\u00fcr die Zukunft nicht mehr fortf\u00fchren d\u00fcrfen und <\/p>\n\n\n\n<p>&#8211; gem\u00e4\u00df Art. 77 DSGVO sich bei einer Aufsichtsbeh\u00f6rde zu beschweren. In der Regel k\u00f6nnen Sie sich hierf\u00fcr an die Aufsichtsbeh\u00f6rde Ihres \u00fcblichen Aufenthaltsortes oder Arbeitsplatzes oder unseres Kanzleisitzes wenden<br>&#8211; gem\u00e4\u00df Art. 21 DSGVO Widerspruch gegen die Verarbeitung Ihrer<br>personenbezogenen Daten einzulegen, soweit daf\u00fcr Gr\u00fcnde vorliegen, die sich aus Ihrer besonderen Situation ergeben oder sich der Widerspruch gegen Direktwerbung richtet. Im letzteren Fall haben Sie ein generelles Widerspruchsrecht, das ohne Angabe einer besonderen Situation von uns umgesetzt wird. Sie haben die M\u00f6glichkeit, den Widerspruch telefonisch, per E-Mail, per Telefax oder an unsere zu Beginn dieser Datenschutzerkl\u00e4rung aufgef\u00fchrte Postadresse unserer Kanzlei<br>formlos mitzuteilen.<\/p>\n\n\n\n<ol start=\"8\"><li><strong>Datensicherheit<\/strong><\/li><\/ol>\n\n\n\n<p>Zur Gew\u00e4hrung der Datensicherheit erfolgt die \u00dcbertragung der Inhalte unserer Webseite verschl\u00fcsselt nach dem SSL Verfahren gem\u00e4\u00df dem Stand der Technik. Zur Sicherung der Daten werden von uns und den beauftragten Dienstleistern, mit denen entsprechende vertragliche Vereinbarungen getroffen wurden, geeignete Ma\u00dfnahmen nach dem Stand der Technik, insbesondere zur Beschr\u00e4nkung des Zugangs zu den Daten, zum Schutz gegen Ver\u00e4nderungen und Verlust, und zur Vertraulichkeit gem\u00e4\u00df dem Stand der Technik eingesetzt.<\/p>\n\n\n\n<ol start=\"9\"><li><strong>Stand und Aktualisierung dieser Datenschutzerkl\u00e4rung<\/strong><\/li><\/ol>\n\n\n\n<p>Diese Datenschutzerkl\u00e4rung hat den Stand vom 01.06.2019. Wir behalten uns vor, die Datenschutzerkl\u00e4rung zu gegebener Zeit zu aktualisieren, um den Datenschutz zu verbessern und\/oder anzupassen.<\/p>\n<\/div><\/div>\n<\/div><\/div>\n\n\n\n<p><\/p>\n","protected":false},"excerpt":{"rendered":"<p>Impressum \u2013 Angaben gem\u00e4\u00df \u00a7 5 TMG: Nagel Metallbau GmbH &amp; Co. KG Im Barnholz 12&nbsp;&#8211; 74731 Walld\u00fcrn Tel: +49 (0) 6282 92642 &#8211; 0 \/ Fax: +49 (0) 6282 92642 &#8211; 19 Email: info@nagel-metallbau.com Die Adresse unserer Website ist: http:\/\/nagel-metallbau.com. Nagel Metallbau GmbH &amp; Co. KG, Sitz Walld\u00fcrnRegistergericht Mannheim, HRA 700184 Umsatzsteuer-ID: DE248223347 Vertreten [&hellip;]<\/p>\n","protected":false},"author":1,"featured_media":0,"parent":0,"menu_order":0,"comment_status":"closed","ping_status":"closed","template":"","meta":{"ngg_post_thumbnail":0},"_links":{"self":[{"href":"https:\/\/nagel-metallbau.com\/index.php?rest_route=\/wp\/v2\/pages\/470"}],"collection":[{"href":"https:\/\/nagel-metallbau.com\/index.php?rest_route=\/wp\/v2\/pages"}],"about":[{"href":"https:\/\/nagel-metallbau.com\/index.php?rest_route=\/wp\/v2\/types\/page"}],"author":[{"embeddable":true,"href":"https:\/\/nagel-metallbau.com\/index.php?rest_route=\/wp\/v2\/users\/1"}],"replies":[{"embeddable":true,"href":"https:\/\/nagel-metallbau.com\/index.php?rest_route=%2Fwp%2Fv2%2Fcomments&post=470"}],"version-history":[{"count":14,"href":"https:\/\/nagel-metallbau.com\/index.php?rest_route=\/wp\/v2\/pages\/470\/revisions"}],"predecessor-version":[{"id":1731,"href":"https:\/\/nagel-metallbau.com\/index.php?rest_route=\/wp\/v2\/pages\/470\/revisions\/1731"}],"wp:attachment":[{"href":"https:\/\/nagel-metallbau.com\/index.php?rest_route=%2Fwp%2Fv2%2Fmedia&parent=470"}],"curies":[{"name":"wp","href":"https:\/\/api.w.org\/{rel}","templated":true}]}}