{"id":824,"date":"2019-05-15T12:27:13","date_gmt":"2019-05-15T10:27:13","guid":{"rendered":"http:\/\/nagel-metallbau.com\/?page_id=824"},"modified":"2019-06-06T14:45:39","modified_gmt":"2019-06-06T12:45:39","slug":"sonstiges","status":"publish","type":"page","link":"https:\/\/nagel-metallbau.com\/?page_id=824","title":{"rendered":"Schalld\u00e4mpfer"},"content":{"rendered":"\n<p><a href=\"https:\/\/nagel-metallbau.com\/?page_id=851&amp;customize_changeset_uuid=19dd2d74-724e-4ed8-b5a6-926e4eaa2796\">Einhausungen<\/a> \u2022 <a href=\"https:\/\/nagel-metallbau.com\/?page_id=836&amp;customize_changeset_uuid=19dd2d74-724e-4ed8-b5a6-926e4eaa2796\">Kapseln<\/a>  \u2022  <a href=\"https:\/\/nagel-metallbau.com\/?page_id=944&amp;customize_changeset_uuid=19dd2d74-724e-4ed8-b5a6-926e4eaa2796\">Pr\u00fcfkammern<\/a>  \u2022  <a href=\"https:\/\/nagel-metallbau.com\/?page_id=967&amp;customize_changeset_uuid=19dd2d74-724e-4ed8-b5a6-926e4eaa2796\">Freistehende Absorber<\/a>  \u2022  <a href=\"https:\/\/nagel-metallbau.com\/?page_id=962&amp;customize_changeset_uuid=19dd2d74-724e-4ed8-b5a6-926e4eaa2796\">Schallabsorber<\/a>  \u2022<\/p>\n\n\n\n<p><br><strong>Ger\u00e4uschreduktion bei Luftzu- und Abfuhr<br><\/strong><br><\/p>\n\n\n\n<hr class=\"wp-block-separator\"\/>\n\n\n\n<p>\u00dcber die Jahrzehnte haben wir f\u00fcr unsere Kunden eine Vielzahl an Spezialanfertigungen im Bereich der Akustik hergestellt.<br><br><br><\/p>\n\n\n\n<!-- default-view.php -->\n<div\n\tclass=\"ngg-galleryoverview default-view \"\n\tid=\"ngg-gallery-7efd5ed6f988dcea112bf20e94c76934-1\">\n\n\t\t<!-- Thumbnails -->\n\t\t\t\t<div id=\"ngg-image-0\" class=\"ngg-gallery-thumbnail-box ngg-3-columns\" >\n\t\t\t\t        <div class=\"ngg-gallery-thumbnail\">\n            <a href=\"https:\/\/nagel-metallbau.com\/wp-content\/gallery\/schalldaempfer\/Schalld%C3%A4mpfer_1_1000x1000.png\"\n               title=\"\"\n               data-src=\"https:\/\/nagel-metallbau.com\/wp-content\/gallery\/schalldaempfer\/Schalld%C3%A4mpfer_1_1000x1000.png\"\n               data-thumbnail=\"https:\/\/nagel-metallbau.com\/wp-content\/gallery\/schalldaempfer\/thumbs\/thumbs_Schalld%C3%A4mpfer_1_1000x1000.png\"\n               data-image-id=\"92\"\n               data-title=\"Schalld\u00e4mpfer_1_1000x1000\"\n               data-description=\"\"\n               data-image-slug=\"schalld%c3%a4mpfer_1_1000x1000-2\"\n               class=\"ngg-simplelightbox\" rel=\"7efd5ed6f988dcea112bf20e94c76934\">\n                <img\n                    title=\"Schalld\u00e4mpfer_1_1000x1000\"\n                    alt=\"Schalld\u00e4mpfer_1_1000x1000\"\n                    src=\"https:\/\/nagel-metallbau.com\/wp-content\/gallery\/schalldaempfer\/thumbs\/thumbs_Schalld%C3%A4mpfer_1_1000x1000.png\"\n                    width=\"240\"\n                    height=\"160\"\n                    style=\"max-width:100%;\"\n                \/>\n            <\/a>\n        <\/div>\n\t\t\t\t\t\t\t<\/div> \n\t\t\t\n\t\t\t\t<div id=\"ngg-image-1\" class=\"ngg-gallery-thumbnail-box ngg-3-columns\" >\n\t\t\t\t        <div class=\"ngg-gallery-thumbnail\">\n            <a href=\"https:\/\/nagel-metallbau.com\/wp-content\/gallery\/schalldaempfer\/Schalld%C3%A4mpfer_2_1000x1000.png\"\n               title=\"\"\n               data-src=\"https:\/\/nagel-metallbau.com\/wp-content\/gallery\/schalldaempfer\/Schalld%C3%A4mpfer_2_1000x1000.png\"\n               data-thumbnail=\"https:\/\/nagel-metallbau.com\/wp-content\/gallery\/schalldaempfer\/thumbs\/thumbs_Schalld%C3%A4mpfer_2_1000x1000.png\"\n               data-image-id=\"94\"\n               data-title=\"Schalld\u00e4mpfer_2_1000x1000\"\n               data-description=\"\"\n               data-image-slug=\"schalld%c3%a4mpfer_2_1000x1000-1\"\n               class=\"ngg-simplelightbox\" rel=\"7efd5ed6f988dcea112bf20e94c76934\">\n                <img\n                    title=\"Schalld\u00e4mpfer_2_1000x1000\"\n                    alt=\"Schalld\u00e4mpfer_2_1000x1000\"\n                    src=\"https:\/\/nagel-metallbau.com\/wp-content\/gallery\/schalldaempfer\/thumbs\/thumbs_Schalld%C3%A4mpfer_2_1000x1000.png\"\n                    width=\"240\"\n                    height=\"160\"\n                    style=\"max-width:100%;\"\n                \/>\n            <\/a>\n        <\/div>\n\t\t\t\t\t\t\t<\/div> \n\t\t\t\n\t\t\t\t<div id=\"ngg-image-2\" class=\"ngg-gallery-thumbnail-box ngg-3-columns\" >\n\t\t\t\t        <div class=\"ngg-gallery-thumbnail\">\n            <a href=\"https:\/\/nagel-metallbau.com\/wp-content\/gallery\/schalldaempfer\/schalld%C3%A4mpfer_2112x2112.jpg\"\n               title=\"\"\n               data-src=\"https:\/\/nagel-metallbau.com\/wp-content\/gallery\/schalldaempfer\/schalld%C3%A4mpfer_2112x2112.jpg\"\n               data-thumbnail=\"https:\/\/nagel-metallbau.com\/wp-content\/gallery\/schalldaempfer\/thumbs\/thumbs_schalld%C3%A4mpfer_2112x2112.jpg\"\n               data-image-id=\"128\"\n               data-title=\"schalld\u00e4mpfer_2112x2112\"\n               data-description=\"\"\n               data-image-slug=\"schalld%c3%a4mpfer_2112x2112\"\n               class=\"ngg-simplelightbox\" rel=\"7efd5ed6f988dcea112bf20e94c76934\">\n                <img\n                    title=\"schalld\u00e4mpfer_2112x2112\"\n                    alt=\"schalld\u00e4mpfer_2112x2112\"\n                    src=\"https:\/\/nagel-metallbau.com\/wp-content\/gallery\/schalldaempfer\/thumbs\/thumbs_schalld%C3%A4mpfer_2112x2112.jpg\"\n                    width=\"240\"\n                    height=\"160\"\n                    style=\"max-width:100%;\"\n                \/>\n            <\/a>\n        <\/div>\n\t\t\t\t\t\t\t<\/div> \n\t\t\t\n\t\n\t<br style=\"clear: both\" \/>\n\n\t\n\t\t<!-- Pagination -->\n\t<div class='ngg-clear'><\/div>\t<\/div>\n\n\n\n\n<p>S\u00e4mtliche Schalld\u00e4mpfer sind Einzelkonstruktionen, um die r\u00e4umliche Begebenheiten und ihre Vorstellungen ideal zu ber\u00fccksichtigen. <br><\/p>\n\n\n\n<p><\/p>\n","protected":false},"excerpt":{"rendered":"<p>Einhausungen \u2022 Kapseln \u2022 Pr\u00fcfkammern \u2022 Freistehende Absorber \u2022 Schallabsorber \u2022 Ger\u00e4uschreduktion bei Luftzu- und Abfuhr \u00dcber die Jahrzehnte haben wir f\u00fcr unsere Kunden eine Vielzahl an Spezialanfertigungen im Bereich der Akustik hergestellt. S\u00e4mtliche Schalld\u00e4mpfer sind Einzelkonstruktionen, um die r\u00e4umliche Begebenheiten und ihre Vorstellungen ideal zu ber\u00fccksichtigen.<\/p>\n","protected":false},"author":1,"featured_media":0,"parent":0,"menu_order":0,"comment_status":"closed","ping_status":"closed","template":"","meta":{"ngg_post_thumbnail":0},"_links":{"self":[{"href":"https:\/\/nagel-metallbau.com\/index.php?rest_route=\/wp\/v2\/pages\/824"}],"collection":[{"href":"https:\/\/nagel-metallbau.com\/index.php?rest_route=\/wp\/v2\/pages"}],"about":[{"href":"https:\/\/nagel-metallbau.com\/index.php?rest_route=\/wp\/v2\/types\/page"}],"author":[{"embeddable":true,"href":"https:\/\/nagel-metallbau.com\/index.php?rest_route=\/wp\/v2\/users\/1"}],"replies":[{"embeddable":true,"href":"https:\/\/nagel-metallbau.com\/index.php?rest_route=%2Fwp%2Fv2%2Fcomments&post=824"}],"version-history":[{"count":17,"href":"https:\/\/nagel-metallbau.com\/index.php?rest_route=\/wp\/v2\/pages\/824\/revisions"}],"predecessor-version":[{"id":1620,"href":"https:\/\/nagel-metallbau.com\/index.php?rest_route=\/wp\/v2\/pages\/824\/revisions\/1620"}],"wp:attachment":[{"href":"https:\/\/nagel-metallbau.com\/index.php?rest_route=%2Fwp%2Fv2%2Fmedia&parent=824"}],"curies":[{"name":"wp","href":"https:\/\/api.w.org\/{rel}","templated":true}]}}