{"id":851,"date":"2019-05-15T15:35:59","date_gmt":"2019-05-15T13:35:59","guid":{"rendered":"http:\/\/nagel-metallbau.com\/?page_id=851"},"modified":"2019-06-06T12:34:38","modified_gmt":"2019-06-06T10:34:38","slug":"schalleinhausungen","status":"publish","type":"page","link":"https:\/\/nagel-metallbau.com\/?page_id=851","title":{"rendered":"Einhausungen"},"content":{"rendered":"\n<p><a href=\"https:\/\/nagel-metallbau.com\/?page_id=836&amp;customize_changeset_uuid=19dd2d74-724e-4ed8-b5a6-926e4eaa2796\">Kapseln<\/a>  \u2022  <a href=\"https:\/\/nagel-metallbau.com\/?page_id=944&amp;customize_changeset_uuid=19dd2d74-724e-4ed8-b5a6-926e4eaa2796\">Pr\u00fcfkammern<\/a>  \u2022  <a href=\"https:\/\/nagel-metallbau.com\/?page_id=967&amp;customize_changeset_uuid=19dd2d74-724e-4ed8-b5a6-926e4eaa2796\">Freistehende Absorber<\/a>  \u2022  <a href=\"https:\/\/nagel-metallbau.com\/?page_id=962&amp;customize_changeset_uuid=19dd2d74-724e-4ed8-b5a6-926e4eaa2796\">Schallabsorber<\/a>  \u2022  <a href=\"https:\/\/nagel-metallbau.com\/?page_id=824&amp;customize_changeset_uuid=19dd2d74-724e-4ed8-b5a6-926e4eaa2796\">Schalld\u00e4mpfer<\/a><\/p>\n\n\n\n<p><strong><em>Reduktion von Ger\u00e4uschen und L\u00e4rm<\/em><\/strong><br><\/p>\n\n\n\n<hr class=\"wp-block-separator\"\/>\n\n\n\n<p><strong>Schalleinhausungen <\/strong>sind ein schnelles und probates Mittel um die Lautst\u00e4rke BG-konform im Umfeld Ihrer Mitarbeiter zu reduzieren. Wir haben uns darauf spezialisiert solche l\u00e4rmreduzierenden Einhausungen in ihr Arbeitsumfeld zu integrieren. Ohne ihre Produktionsabl\u00e4ufe durch St\u00f6r- oder sonstige Nebeneffekte zu beintr\u00e4chtigen. Als Resultat wird das Arbeitsumfeld ihrer Mitarbeiter sp\u00fcrbar und nachhaltig verbessert. <\/p>\n\n\n\n\n\n<div class=\"ngg-galleryoverview ngg-slideshow\"\n\t id=\"ngg-slideshow-273aba7a843d3bcd901d4555fed11ca0-3837408110\"\n     data-gallery-id=\"273aba7a843d3bcd901d4555fed11ca0\"\n     style=\"max-width: 500px; max-height: 500px;\">\n\n \t<div id=\"ngg-image-0\" class=\"ngg-gallery-slideshow-image\" style=\"height:500px\">\n\n        <a href=\"https:\/\/nagel-metallbau.com\/wp-content\/gallery\/einhausungen\/Haube_2_1000x1000.png\"\n           title=\"\"\n           data-src=\"https:\/\/nagel-metallbau.com\/wp-content\/gallery\/einhausungen\/Haube_2_1000x1000.png\"\n           data-thumbnail=\"https:\/\/nagel-metallbau.com\/wp-content\/gallery\/einhausungen\/thumbs\/thumbs_Haube_2_1000x1000.png\"\n           data-image-id=\"25\"\n           data-title=\"Haube_2_1000x1000\"\n           data-description=\"\"\n           class=\"ngg-simplelightbox\" rel=\"273aba7a843d3bcd901d4555fed11ca0\">\n\n            <img data-image-id='25'\n                 title=\"\"\n                 alt=\"Haube_2_1000x1000\"\n                 src=\"https:\/\/nagel-metallbau.com\/wp-content\/gallery\/einhausungen\/Haube_2_1000x1000.png\"\n                 style=\"max-height: 480px;\"\/>\n        <\/a>\n\n        <\/div> \n<div id=\"ngg-image-1\" class=\"ngg-gallery-slideshow-image\" style=\"height:500px\">\n\n        <a href=\"https:\/\/nagel-metallbau.com\/wp-content\/gallery\/einhausungen\/Haube_3_1000x1000.png\"\n           title=\"\"\n           data-src=\"https:\/\/nagel-metallbau.com\/wp-content\/gallery\/einhausungen\/Haube_3_1000x1000.png\"\n           data-thumbnail=\"https:\/\/nagel-metallbau.com\/wp-content\/gallery\/einhausungen\/thumbs\/thumbs_Haube_3_1000x1000.png\"\n           data-image-id=\"26\"\n           data-title=\"Haube_3_1000x1000\"\n           data-description=\"\"\n           class=\"ngg-simplelightbox\" rel=\"273aba7a843d3bcd901d4555fed11ca0\">\n\n            <img data-image-id='26'\n                 title=\"\"\n                 alt=\"Haube_3_1000x1000\"\n                 src=\"https:\/\/nagel-metallbau.com\/wp-content\/gallery\/einhausungen\/Haube_3_1000x1000.png\"\n                 style=\"max-height: 480px;\"\/>\n        <\/a>\n\n        <\/div> \n<div id=\"ngg-image-2\" class=\"ngg-gallery-slideshow-image\" style=\"height:500px\">\n\n        <a href=\"https:\/\/nagel-metallbau.com\/wp-content\/gallery\/einhausungen\/Einhausung_5_1000x1000.png\"\n           title=\"\"\n           data-src=\"https:\/\/nagel-metallbau.com\/wp-content\/gallery\/einhausungen\/Einhausung_5_1000x1000.png\"\n           data-thumbnail=\"https:\/\/nagel-metallbau.com\/wp-content\/gallery\/einhausungen\/thumbs\/thumbs_Einhausung_5_1000x1000.png\"\n           data-image-id=\"29\"\n           data-title=\"Einhausung_5_1000x1000\"\n           data-description=\"\"\n           class=\"ngg-simplelightbox\" rel=\"273aba7a843d3bcd901d4555fed11ca0\">\n\n            <img data-image-id='29'\n                 title=\"\"\n                 alt=\"Einhausung_5_1000x1000\"\n                 src=\"https:\/\/nagel-metallbau.com\/wp-content\/gallery\/einhausungen\/Einhausung_5_1000x1000.png\"\n                 style=\"max-height: 480px;\"\/>\n        <\/a>\n\n        <\/div> \n<div id=\"ngg-image-3\" class=\"ngg-gallery-slideshow-image\" style=\"height:500px\">\n\n        <a href=\"https:\/\/nagel-metallbau.com\/wp-content\/gallery\/einhausungen\/Einhausung_6_1000x1000.png\"\n           title=\"\"\n           data-src=\"https:\/\/nagel-metallbau.com\/wp-content\/gallery\/einhausungen\/Einhausung_6_1000x1000.png\"\n           data-thumbnail=\"https:\/\/nagel-metallbau.com\/wp-content\/gallery\/einhausungen\/thumbs\/thumbs_Einhausung_6_1000x1000.png\"\n           data-image-id=\"30\"\n           data-title=\"Einhausung_6_1000x1000\"\n           data-description=\"\"\n           class=\"ngg-simplelightbox\" rel=\"273aba7a843d3bcd901d4555fed11ca0\">\n\n            <img data-image-id='30'\n                 title=\"\"\n                 alt=\"Einhausung_6_1000x1000\"\n                 src=\"https:\/\/nagel-metallbau.com\/wp-content\/gallery\/einhausungen\/Einhausung_6_1000x1000.png\"\n                 style=\"max-height: 480px;\"\/>\n        <\/a>\n\n        <\/div> \n<div id=\"ngg-image-4\" class=\"ngg-gallery-slideshow-image\" style=\"height:500px\">\n\n        <a href=\"https:\/\/nagel-metallbau.com\/wp-content\/gallery\/einhausungen\/Einhausung_7_1000x1000.png\"\n           title=\"\"\n           data-src=\"https:\/\/nagel-metallbau.com\/wp-content\/gallery\/einhausungen\/Einhausung_7_1000x1000.png\"\n           data-thumbnail=\"https:\/\/nagel-metallbau.com\/wp-content\/gallery\/einhausungen\/thumbs\/thumbs_Einhausung_7_1000x1000.png\"\n           data-image-id=\"31\"\n           data-title=\"Einhausung_7_1000x1000\"\n           data-description=\"\"\n           class=\"ngg-simplelightbox\" rel=\"273aba7a843d3bcd901d4555fed11ca0\">\n\n            <img data-image-id='31'\n                 title=\"\"\n                 alt=\"Einhausung_7_1000x1000\"\n                 src=\"https:\/\/nagel-metallbau.com\/wp-content\/gallery\/einhausungen\/Einhausung_7_1000x1000.png\"\n                 style=\"max-height: 480px;\"\/>\n        <\/a>\n\n        <\/div> \n<\/div>\n\n\n\n\n\n\n\n<p>Unsere Schalleinhausungen helfen Ihnen Ihre L\u00e4rmquelle zu isolieren und somit den Ger\u00e4uschpegel im Umfeld deutlich zu reduzieren. Damit sch\u00fctzen Sie effektiv Ihre Mitarbeiter in ihrem Arbeitsumfeld.  <\/p>\n\n\n\n<blockquote style=\"text-align:center\" class=\"wp-block-quote\"><p> <br>L\u00e4rm trifft den Nerv einer feinsinnigen Natur. Einen Geistesmenschen kann er sogar um den Verstand bringen.  <\/p><cite> <br>Peter Rudl&nbsp;(*1966), deutscher Aphoristiker  <\/cite><\/blockquote>\n","protected":false},"excerpt":{"rendered":"<p>Kapseln \u2022 Pr\u00fcfkammern \u2022 Freistehende Absorber \u2022 Schallabsorber \u2022 Schalld\u00e4mpfer Reduktion von Ger\u00e4uschen und L\u00e4rm Schalleinhausungen sind ein schnelles und probates Mittel um die Lautst\u00e4rke BG-konform im Umfeld Ihrer Mitarbeiter zu reduzieren. Wir haben uns darauf spezialisiert solche l\u00e4rmreduzierenden Einhausungen in ihr Arbeitsumfeld zu integrieren. Ohne ihre Produktionsabl\u00e4ufe durch St\u00f6r- oder sonstige Nebeneffekte zu beintr\u00e4chtigen. [&hellip;]<\/p>\n","protected":false},"author":1,"featured_media":0,"parent":0,"menu_order":0,"comment_status":"closed","ping_status":"closed","template":"","meta":{"ngg_post_thumbnail":0},"_links":{"self":[{"href":"https:\/\/nagel-metallbau.com\/index.php?rest_route=\/wp\/v2\/pages\/851"}],"collection":[{"href":"https:\/\/nagel-metallbau.com\/index.php?rest_route=\/wp\/v2\/pages"}],"about":[{"href":"https:\/\/nagel-metallbau.com\/index.php?rest_route=\/wp\/v2\/types\/page"}],"author":[{"embeddable":true,"href":"https:\/\/nagel-metallbau.com\/index.php?rest_route=\/wp\/v2\/users\/1"}],"replies":[{"embeddable":true,"href":"https:\/\/nagel-metallbau.com\/index.php?rest_route=%2Fwp%2Fv2%2Fcomments&post=851"}],"version-history":[{"count":23,"href":"https:\/\/nagel-metallbau.com\/index.php?rest_route=\/wp\/v2\/pages\/851\/revisions"}],"predecessor-version":[{"id":1599,"href":"https:\/\/nagel-metallbau.com\/index.php?rest_route=\/wp\/v2\/pages\/851\/revisions\/1599"}],"wp:attachment":[{"href":"https:\/\/nagel-metallbau.com\/index.php?rest_route=%2Fwp%2Fv2%2Fmedia&parent=851"}],"curies":[{"name":"wp","href":"https:\/\/api.w.org\/{rel}","templated":true}]}}