{"id":953,"date":"2019-05-17T07:30:07","date_gmt":"2019-05-17T05:30:07","guid":{"rendered":"http:\/\/nagel-metallbau.com\/?page_id=953"},"modified":"2020-02-04T13:33:51","modified_gmt":"2020-02-04T12:33:51","slug":"tueren-2","status":"publish","type":"page","link":"https:\/\/nagel-metallbau.com\/?page_id=953","title":{"rendered":"T\u00fcren (einfl\u00fcgelig)"},"content":{"rendered":"\n<p>   \u2022 <a href=\"https:\/\/nagel-metallbau.com\/?page_id=955&amp;customize_changeset_uuid=19dd2d74-724e-4ed8-b5a6-926e4eaa2796\">Tore (zweifl\u00fcgelig)<\/a>  \u2022  <a href=\"https:\/\/nagel-metallbau.com\/?page_id=822&amp;customize_changeset_uuid=19dd2d74-724e-4ed8-b5a6-926e4eaa2796\">Fenster<\/a>  \u2022  <\/p>\n\n\n\n<p><strong>Schallschutzt\u00fcren in individueller Anfertigung. <\/strong><\/p>\n\n\n\n<hr class=\"wp-block-separator\"\/>\n\n\n\n<p>Seit vielen Jahrzehnten fertigen wir <strong>T\u00fcren <\/strong>und <strong>Tore <\/strong>und <strong>Fenster <\/strong>passgenau nach Ihren Anforderungen. Eine robuste und solide Verarbeitung, hervorragende Handhabungsm\u00f6glichkeiten sowie eine ausgereifte Technik um eine hohe Schall- und W\u00e4rmeisolierung zu gew\u00e4hrleisten,  zeichnen unsere Produkte aus.<br><br>Unsere Schallschutzt\u00fcren sind in der Grundausf\u00fchrung inklusive Zarge und H\u00f6ckerschwelle. Selbstverst\u00e4ndlich k\u00f6nnen alternative Ausf\u00fchrungen wie Vorsatzzarge oder 20\/40mm Schwelle produziert werden.  Der Luftschalld\u00e4mmwert unserer hochschalld\u00e4mmenden T\u00fcren liegt bei 50dB  bis 57dB gepr\u00fcft und zertifiziert nach DIN EN ISO 140-3 je nach Ausf\u00fchrung.  <br><br><br><\/p>\n\n\n\n<div class=\"wp-block-image\"><figure class=\"alignright is-resized\"><a href=\"https:\/\/nagel-metallbau.com\/wp-content\/uploads\/2019\/05\/T\u00fcr_1_1000x1000.png\"><img loading=\"lazy\" src=\"https:\/\/nagel-metallbau.com\/wp-content\/uploads\/2019\/05\/T\u00fcr_1_1000x1000.png\" alt=\"\" class=\"wp-image-1006\" width=\"250\" height=\"250\" srcset=\"https:\/\/nagel-metallbau.com\/wp-content\/uploads\/2019\/05\/T\u00fcr_1_1000x1000.png 1000w, https:\/\/nagel-metallbau.com\/wp-content\/uploads\/2019\/05\/T\u00fcr_1_1000x1000-150x150.png 150w, https:\/\/nagel-metallbau.com\/wp-content\/uploads\/2019\/05\/T\u00fcr_1_1000x1000-300x300.png 300w, https:\/\/nagel-metallbau.com\/wp-content\/uploads\/2019\/05\/T\u00fcr_1_1000x1000-768x768.png 768w\" sizes=\"(max-width: 250px) 100vw, 250px\" \/><\/a><\/figure><\/div>\n\n\n\n<p class=\"has-text-align-right\"> <strong>Schallschutzt\u00fcre <\/strong><br>&#8211; diverse Schwellenausf\u00fchrungen<br>&#8211; Fensterauschnitte otional<br>&#8211; Notausgangsverschl\u00fcsse<br>&#8211; Rauch- und Feuerschutzt\u00fcrbeschl\u00e4ge<br>&#8211; Schlie\u00dffolgeregler<br>&#8211; versch. Schutzbeschl\u00e4ge<br>&#8211; uva. Optinen m\u00f6glich<br><\/p>\n\n\n\n<div class=\"wp-block-image\"><figure class=\"alignleft is-resized\"><img loading=\"lazy\" src=\"https:\/\/nagel-metallbau.com\/wp-content\/uploads\/2019\/05\/T\u00fcr_2_1000x1000.png\" alt=\"\" class=\"wp-image-1002\" width=\"250\" height=\"250\" srcset=\"https:\/\/nagel-metallbau.com\/wp-content\/uploads\/2019\/05\/T\u00fcr_2_1000x1000.png 1000w, https:\/\/nagel-metallbau.com\/wp-content\/uploads\/2019\/05\/T\u00fcr_2_1000x1000-150x150.png 150w, https:\/\/nagel-metallbau.com\/wp-content\/uploads\/2019\/05\/T\u00fcr_2_1000x1000-300x300.png 300w, https:\/\/nagel-metallbau.com\/wp-content\/uploads\/2019\/05\/T\u00fcr_2_1000x1000-768x768.png 768w\" sizes=\"(max-width: 250px) 100vw, 250px\" \/><\/figure><\/div>\n\n\n\n<p class=\"has-text-align-left\"><strong>Schallschutzt\u00fcre mit aufgesetzten Schallabsorbern.<\/strong><br> &#8211; diverse Schwellenausf\u00fchrungen<br>&#8211; Fensterauschnitte otional<br>&#8211; Notausgangsverschl\u00fcsse<br>&#8211; Rauch- und Feuerschutzt\u00fcrbeschl\u00e4ge<br>&#8211; Schlie\u00dffolgeregler<br>&#8211; versch. Schutzbeschl\u00e4ge<br>&#8211; uva. Optinen m\u00f6glich <br><br><br><br><br><\/p>\n\n\n\n<p><br><\/p>\n\n\n\n<!-- default-view.php -->\n<div\n\tclass=\"ngg-galleryoverview default-view \"\n\tid=\"ngg-gallery-b2875df62161ced0319332504dfde6e8-1\">\n\n\t\t<!-- Thumbnails -->\n\t\t\t\t<div id=\"ngg-image-0\" class=\"ngg-gallery-thumbnail-box ngg-4-columns\" >\n\t\t\t\t        <div class=\"ngg-gallery-thumbnail\">\n            <a href=\"https:\/\/nagel-metallbau.com\/wp-content\/gallery\/tueren\/T%C3%BCr_4_1000x1000.png\"\n               title=\"\"\n               data-src=\"https:\/\/nagel-metallbau.com\/wp-content\/gallery\/tueren\/T%C3%BCr_4_1000x1000.png\"\n               data-thumbnail=\"https:\/\/nagel-metallbau.com\/wp-content\/gallery\/tueren\/thumbs\/thumbs_T%C3%BCr_4_1000x1000.png\"\n               data-image-id=\"97\"\n               data-title=\"T\u00fcr_4_1000x1000\"\n               data-description=\"\"\n               data-image-slug=\"t%c3%bcr_4_1000x1000\"\n               class=\"ngg-simplelightbox\" rel=\"b2875df62161ced0319332504dfde6e8\">\n                <img\n                    title=\"T\u00fcr_4_1000x1000\"\n                    alt=\"T\u00fcr_4_1000x1000\"\n                    src=\"https:\/\/nagel-metallbau.com\/wp-content\/gallery\/tueren\/cache\/T%C3%BCr_4_1000x1000.png-nggid0297-ngg0dyn-300x300x100-00f0w010c011r110f110r010t010.png\"\n                    width=\"300\"\n                    height=\"300\"\n                    style=\"max-width:100%;\"\n                \/>\n            <\/a>\n        <\/div>\n\t\t\t\t\t\t\t<\/div> \n\t\t\t\n\t\t\t\t<div id=\"ngg-image-1\" class=\"ngg-gallery-thumbnail-box ngg-4-columns\" >\n\t\t\t\t        <div class=\"ngg-gallery-thumbnail\">\n            <a href=\"https:\/\/nagel-metallbau.com\/wp-content\/gallery\/tueren\/T%C3%BCr_3_1000x1000.png\"\n               title=\"\"\n               data-src=\"https:\/\/nagel-metallbau.com\/wp-content\/gallery\/tueren\/T%C3%BCr_3_1000x1000.png\"\n               data-thumbnail=\"https:\/\/nagel-metallbau.com\/wp-content\/gallery\/tueren\/thumbs\/thumbs_T%C3%BCr_3_1000x1000.png\"\n               data-image-id=\"96\"\n               data-title=\"T\u00fcr_3_1000x1000\"\n               data-description=\"\"\n               data-image-slug=\"t%c3%bcr_3_1000x1000\"\n               class=\"ngg-simplelightbox\" rel=\"b2875df62161ced0319332504dfde6e8\">\n                <img\n                    title=\"T\u00fcr_3_1000x1000\"\n                    alt=\"T\u00fcr_3_1000x1000\"\n                    src=\"https:\/\/nagel-metallbau.com\/wp-content\/gallery\/tueren\/cache\/T%C3%BCr_3_1000x1000.png-nggid0296-ngg0dyn-300x300x100-00f0w010c011r110f110r010t010.png\"\n                    width=\"300\"\n                    height=\"300\"\n                    style=\"max-width:100%;\"\n                \/>\n            <\/a>\n        <\/div>\n\t\t\t\t\t\t\t<\/div> \n\t\t\t\n\t\t\t\t<div id=\"ngg-image-2\" class=\"ngg-gallery-thumbnail-box ngg-4-columns\" >\n\t\t\t\t        <div class=\"ngg-gallery-thumbnail\">\n            <a href=\"https:\/\/nagel-metallbau.com\/wp-content\/gallery\/tueren\/T%C3%BCr_8_1000x1000.png\"\n               title=\"\"\n               data-src=\"https:\/\/nagel-metallbau.com\/wp-content\/gallery\/tueren\/T%C3%BCr_8_1000x1000.png\"\n               data-thumbnail=\"https:\/\/nagel-metallbau.com\/wp-content\/gallery\/tueren\/thumbs\/thumbs_T%C3%BCr_8_1000x1000.png\"\n               data-image-id=\"99\"\n               data-title=\"T\u00fcr_8_1000x1000\"\n               data-description=\"\"\n               data-image-slug=\"t%c3%bcr_8_1000x1000\"\n               class=\"ngg-simplelightbox\" rel=\"b2875df62161ced0319332504dfde6e8\">\n                <img\n                    title=\"T\u00fcr_8_1000x1000\"\n                    alt=\"T\u00fcr_8_1000x1000\"\n                    src=\"https:\/\/nagel-metallbau.com\/wp-content\/gallery\/tueren\/cache\/T%C3%BCr_8_1000x1000.png-nggid0299-ngg0dyn-300x300x100-00f0w010c011r110f110r010t010.png\"\n                    width=\"300\"\n                    height=\"300\"\n                    style=\"max-width:100%;\"\n                \/>\n            <\/a>\n        <\/div>\n\t\t\t\t\t\t\t<\/div> \n\t\t\t\n\t\t\t\t<div id=\"ngg-image-3\" class=\"ngg-gallery-thumbnail-box ngg-4-columns\" >\n\t\t\t\t        <div class=\"ngg-gallery-thumbnail\">\n            <a href=\"https:\/\/nagel-metallbau.com\/wp-content\/gallery\/tueren\/T%C3%BCr_5_1000x1000.png\"\n               title=\"\"\n               data-src=\"https:\/\/nagel-metallbau.com\/wp-content\/gallery\/tueren\/T%C3%BCr_5_1000x1000.png\"\n               data-thumbnail=\"https:\/\/nagel-metallbau.com\/wp-content\/gallery\/tueren\/thumbs\/thumbs_T%C3%BCr_5_1000x1000.png\"\n               data-image-id=\"98\"\n               data-title=\"T\u00fcr_5_1000x1000\"\n               data-description=\"\"\n               data-image-slug=\"t%c3%bcr_5_1000x1000\"\n               class=\"ngg-simplelightbox\" rel=\"b2875df62161ced0319332504dfde6e8\">\n                <img\n                    title=\"T\u00fcr_5_1000x1000\"\n                    alt=\"T\u00fcr_5_1000x1000\"\n                    src=\"https:\/\/nagel-metallbau.com\/wp-content\/gallery\/tueren\/cache\/T%C3%BCr_5_1000x1000.png-nggid0298-ngg0dyn-300x300x100-00f0w010c011r110f110r010t010.png\"\n                    width=\"300\"\n                    height=\"300\"\n                    style=\"max-width:100%;\"\n                \/>\n            <\/a>\n        <\/div>\n\t\t\t\t\t\t\t<\/div> \n\t\t\t\n\t\n\t<br style=\"clear: both\" \/>\n\n\t\n\t\t<!-- Pagination -->\n\t<div class='ngg-clear'><\/div>\t<\/div>\n\n","protected":false},"excerpt":{"rendered":"<p>\u2022 Tore (zweifl\u00fcgelig) \u2022 Fenster \u2022 Schallschutzt\u00fcren in individueller Anfertigung. Seit vielen Jahrzehnten fertigen wir T\u00fcren und Tore und Fenster passgenau nach Ihren Anforderungen. Eine robuste und solide Verarbeitung, hervorragende Handhabungsm\u00f6glichkeiten sowie eine ausgereifte Technik um eine hohe Schall- und W\u00e4rmeisolierung zu gew\u00e4hrleisten, zeichnen unsere Produkte aus. Unsere Schallschutzt\u00fcren sind in der Grundausf\u00fchrung inklusive Zarge [&hellip;]<\/p>\n","protected":false},"author":1,"featured_media":0,"parent":0,"menu_order":0,"comment_status":"closed","ping_status":"closed","template":"","meta":{"ngg_post_thumbnail":0},"_links":{"self":[{"href":"https:\/\/nagel-metallbau.com\/index.php?rest_route=\/wp\/v2\/pages\/953"}],"collection":[{"href":"https:\/\/nagel-metallbau.com\/index.php?rest_route=\/wp\/v2\/pages"}],"about":[{"href":"https:\/\/nagel-metallbau.com\/index.php?rest_route=\/wp\/v2\/types\/page"}],"author":[{"embeddable":true,"href":"https:\/\/nagel-metallbau.com\/index.php?rest_route=\/wp\/v2\/users\/1"}],"replies":[{"embeddable":true,"href":"https:\/\/nagel-metallbau.com\/index.php?rest_route=%2Fwp%2Fv2%2Fcomments&post=953"}],"version-history":[{"count":24,"href":"https:\/\/nagel-metallbau.com\/index.php?rest_route=\/wp\/v2\/pages\/953\/revisions"}],"predecessor-version":[{"id":1664,"href":"https:\/\/nagel-metallbau.com\/index.php?rest_route=\/wp\/v2\/pages\/953\/revisions\/1664"}],"wp:attachment":[{"href":"https:\/\/nagel-metallbau.com\/index.php?rest_route=%2Fwp%2Fv2%2Fmedia&parent=953"}],"curies":[{"name":"wp","href":"https:\/\/api.w.org\/{rel}","templated":true}]}}