{"id":955,"date":"2019-05-17T07:30:18","date_gmt":"2019-05-17T05:30:18","guid":{"rendered":"http:\/\/nagel-metallbau.com\/?page_id=955"},"modified":"2020-02-04T13:34:32","modified_gmt":"2020-02-04T12:34:32","slug":"tore","status":"publish","type":"page","link":"https:\/\/nagel-metallbau.com\/?page_id=955","title":{"rendered":"Tore (zweifl\u00fcgelig)"},"content":{"rendered":"\n<p>   \u2022  <a href=\"https:\/\/nagel-metallbau.com\/?page_id=953&amp;customize_changeset_uuid=19dd2d74-724e-4ed8-b5a6-926e4eaa2796\">T\u00fcren (einfl\u00fcgelig)<\/a> \u2022 <a href=\"https:\/\/nagel-metallbau.com\/?page_id=822&amp;customize_changeset_uuid=19dd2d74-724e-4ed8-b5a6-926e4eaa2796\">Fenster<\/a>  \u2022  <\/p>\n\n\n\n<p><strong>Unsere Tore. Alle Formen, alle Gr\u00f6\u00dfen, alles m\u00f6glich.<\/strong><\/p>\n\n\n\n<hr class=\"wp-block-separator\"\/>\n\n\n\n<p>Unsere Schallschutztore sind in der Grundausf\u00fchrung inklusive Eckzarg und H\u00f6ckerschwelle. Selbstverst\u00e4ndlich k\u00f6nnen alternative Ausf\u00fchrungen wie Vorsatzzarge, Absenkdichtung oder 20\/40mm Schwelle produziert werden. Der Luftschalld\u00e4mmwert unserer hochschalld\u00e4mmenden Toren liegt je nach Ausf\u00fchrung bei 50dB bis 57dB, gepr\u00fcft und zertifiziert nach DIN EN ISO 140-3. <br><br><br><br><\/p>\n\n\n\n<div class=\"wp-block-image\"><figure class=\"alignleft is-resized\"><img loading=\"lazy\" src=\"https:\/\/nagel-metallbau.com\/wp-content\/uploads\/2019\/05\/Tor_4_1000x1000-2-300x300.png\" alt=\"\" class=\"wp-image-1020\" width=\"300\" height=\"300\" srcset=\"https:\/\/nagel-metallbau.com\/wp-content\/uploads\/2019\/05\/Tor_4_1000x1000-2-300x300.png 300w, https:\/\/nagel-metallbau.com\/wp-content\/uploads\/2019\/05\/Tor_4_1000x1000-2-150x150.png 150w, https:\/\/nagel-metallbau.com\/wp-content\/uploads\/2019\/05\/Tor_4_1000x1000-2-768x768.png 768w, https:\/\/nagel-metallbau.com\/wp-content\/uploads\/2019\/05\/Tor_4_1000x1000-2.png 1017w\" sizes=\"(max-width: 300px) 100vw, 300px\" \/><\/figure><\/div>\n\n\n\n<p class=\"has-text-align-left\"> <br><strong>Schallschutztore <\/strong><br><br>&#8211; diverse Schwellenausf\u00fchrungen<br>&#8211; Fensterauschnitte otional<br>&#8211; Notausgangsverschl\u00fcsse<br>&#8211; Rauch- und Feuerschutzt\u00fcrbeschl\u00e4ge<br>&#8211; Schlie\u00dffolgeregler<br>&#8211; versch. Schutzbeschl\u00e4ge<br>&#8211; uva. Optinen m\u00f6glich<br><\/p>\n\n\n\n<p><br><br><\/p>\n\n\n\n<div class=\"wp-block-image\"><figure class=\"alignright\"><img loading=\"lazy\" width=\"300\" height=\"300\" src=\"https:\/\/nagel-metallbau.com\/wp-content\/uploads\/2019\/05\/Tor_3_1000x1000-2-300x300.png\" alt=\"\" class=\"wp-image-1019\" srcset=\"https:\/\/nagel-metallbau.com\/wp-content\/uploads\/2019\/05\/Tor_3_1000x1000-2-300x300.png 300w, https:\/\/nagel-metallbau.com\/wp-content\/uploads\/2019\/05\/Tor_3_1000x1000-2-150x150.png 150w, https:\/\/nagel-metallbau.com\/wp-content\/uploads\/2019\/05\/Tor_3_1000x1000-2-768x768.png 768w, https:\/\/nagel-metallbau.com\/wp-content\/uploads\/2019\/05\/Tor_3_1000x1000-2.png 1017w\" sizes=\"(max-width: 300px) 100vw, 300px\" \/><\/figure><\/div>\n\n\n\n<p class=\"has-text-align-right\"><strong>Schallschutztore mit aufgesetzten Schallabsorbern<\/strong><br><br> &#8211; diverse Schwellenausf\u00fchrungen<br>&#8211; Fensterauschnitte otional<br>&#8211; Notausgangsverschl\u00fcsse<br>&#8211; Rauch- und Feuerschutzt\u00fcrbeschl\u00e4ge<br>&#8211; Schlie\u00dffolgeregler<br>&#8211; versch. Schutzbeschl\u00e4ge<br>&#8211; uva. Optionen m\u00f6glich <\/p>\n\n\n\n<p><br><br><\/p>\n\n\n\n<div class=\"wp-block-image\"><figure class=\"alignleft is-resized\"><img loading=\"lazy\" src=\"http:\/\/nagel-metallbau.com\/wp-content\/uploads\/2019\/05\/TOR_4_1000x1000.png\" alt=\"\" class=\"wp-image-1036\" width=\"250\" height=\"250\" srcset=\"https:\/\/nagel-metallbau.com\/wp-content\/uploads\/2019\/05\/TOR_4_1000x1000.png 1000w, https:\/\/nagel-metallbau.com\/wp-content\/uploads\/2019\/05\/TOR_4_1000x1000-150x150.png 150w, https:\/\/nagel-metallbau.com\/wp-content\/uploads\/2019\/05\/TOR_4_1000x1000-300x300.png 300w, https:\/\/nagel-metallbau.com\/wp-content\/uploads\/2019\/05\/TOR_4_1000x1000-768x768.png 768w\" sizes=\"(max-width: 250px) 100vw, 250px\" \/><\/figure><\/div>\n\n\n\n<p class=\"has-text-align-left\"><strong>Spezialanfertigungen<\/strong><br> <\/p>\n\n\n\n<ul><li>versch. Schutzbeschl\u00e4ge<\/li><li> \u00dcbergr\u00f6\u00dfen (H\u00f6he \/ Breite &gt; 9 Meter)<\/li><li> Schiebe- oder Rolltore<\/li><li> diverse Schlie\u00dfmechanismen<\/li><li>Hydraulik- oder Elektroantriebe   <br>&#8211; uva.<br><br><\/li><\/ul>\n\n\n\n<p><br><br><\/p>\n\n\n\n<!-- default-view.php -->\n<div\n\tclass=\"ngg-galleryoverview default-view \"\n\tid=\"ngg-gallery-45db9eecc296194c0b02a48d3f1b2f67-1\">\n\n\t\t<!-- Thumbnails -->\n\t\t\t\t<div id=\"ngg-image-0\" class=\"ngg-gallery-thumbnail-box ngg-4-columns\" >\n\t\t\t\t        <div class=\"ngg-gallery-thumbnail\">\n            <a href=\"https:\/\/nagel-metallbau.com\/wp-content\/gallery\/tore\/Tor_8_1000x1000.png\"\n               title=\"\"\n               data-src=\"https:\/\/nagel-metallbau.com\/wp-content\/gallery\/tore\/Tor_8_1000x1000.png\"\n               data-thumbnail=\"https:\/\/nagel-metallbau.com\/wp-content\/gallery\/tore\/thumbs\/thumbs_Tor_8_1000x1000.png\"\n               data-image-id=\"53\"\n               data-title=\"Tor_8_1000x1000\"\n               data-description=\"\"\n               data-image-slug=\"tor_8_1000x1000\"\n               class=\"ngg-simplelightbox\" rel=\"45db9eecc296194c0b02a48d3f1b2f67\">\n                <img\n                    title=\"Tor_8_1000x1000\"\n                    alt=\"Tor_8_1000x1000\"\n                    src=\"https:\/\/nagel-metallbau.com\/wp-content\/gallery\/tore\/cache\/Tor_8_1000x1000.png-nggid0253-ngg0dyn-300x300x100-00f0w010c011r110f110r010t010.png\"\n                    width=\"300\"\n                    height=\"300\"\n                    style=\"max-width:100%;\"\n                \/>\n            <\/a>\n        <\/div>\n\t\t\t\t\t\t\t<\/div> \n\t\t\t\n\t\t\t\t<div id=\"ngg-image-1\" class=\"ngg-gallery-thumbnail-box ngg-4-columns\" >\n\t\t\t\t        <div class=\"ngg-gallery-thumbnail\">\n            <a href=\"https:\/\/nagel-metallbau.com\/wp-content\/gallery\/tore\/Tor_4_1000x1000.png\"\n               title=\"\"\n               data-src=\"https:\/\/nagel-metallbau.com\/wp-content\/gallery\/tore\/Tor_4_1000x1000.png\"\n               data-thumbnail=\"https:\/\/nagel-metallbau.com\/wp-content\/gallery\/tore\/thumbs\/thumbs_Tor_4_1000x1000.png\"\n               data-image-id=\"56\"\n               data-title=\"Tor_4_1000x1000\"\n               data-description=\"\"\n               data-image-slug=\"tor_4_1000x1000-6\"\n               class=\"ngg-simplelightbox\" rel=\"45db9eecc296194c0b02a48d3f1b2f67\">\n                <img\n                    title=\"Tor_4_1000x1000\"\n                    alt=\"Tor_4_1000x1000\"\n                    src=\"https:\/\/nagel-metallbau.com\/wp-content\/gallery\/tore\/cache\/Tor_4_1000x1000.png-nggid0256-ngg0dyn-300x300x100-00f0w010c011r110f110r010t010.png\"\n                    width=\"300\"\n                    height=\"300\"\n                    style=\"max-width:100%;\"\n                \/>\n            <\/a>\n        <\/div>\n\t\t\t\t\t\t\t<\/div> \n\t\t\t\n\t\t\t\t<div id=\"ngg-image-2\" class=\"ngg-gallery-thumbnail-box ngg-4-columns\" >\n\t\t\t\t        <div class=\"ngg-gallery-thumbnail\">\n            <a href=\"https:\/\/nagel-metallbau.com\/wp-content\/gallery\/tore\/TOR_5_1000x1000.png\"\n               title=\"\"\n               data-src=\"https:\/\/nagel-metallbau.com\/wp-content\/gallery\/tore\/TOR_5_1000x1000.png\"\n               data-thumbnail=\"https:\/\/nagel-metallbau.com\/wp-content\/gallery\/tore\/thumbs\/thumbs_TOR_5_1000x1000.png\"\n               data-image-id=\"57\"\n               data-title=\"TOR_5_1000x1000\"\n               data-description=\"\"\n               data-image-slug=\"tor_5_1000x1000\"\n               class=\"ngg-simplelightbox\" rel=\"45db9eecc296194c0b02a48d3f1b2f67\">\n                <img\n                    title=\"TOR_5_1000x1000\"\n                    alt=\"TOR_5_1000x1000\"\n                    src=\"https:\/\/nagel-metallbau.com\/wp-content\/gallery\/tore\/cache\/TOR_5_1000x1000.png-nggid0257-ngg0dyn-300x300x100-00f0w010c011r110f110r010t010.png\"\n                    width=\"300\"\n                    height=\"300\"\n                    style=\"max-width:100%;\"\n                \/>\n            <\/a>\n        <\/div>\n\t\t\t\t\t\t\t<\/div> \n\t\t\t\n\t\t\t\t<div id=\"ngg-image-3\" class=\"ngg-gallery-thumbnail-box ngg-4-columns\" >\n\t\t\t\t        <div class=\"ngg-gallery-thumbnail\">\n            <a href=\"https:\/\/nagel-metallbau.com\/wp-content\/gallery\/tore\/TOR_7_1000x1000.png\"\n               title=\"\"\n               data-src=\"https:\/\/nagel-metallbau.com\/wp-content\/gallery\/tore\/TOR_7_1000x1000.png\"\n               data-thumbnail=\"https:\/\/nagel-metallbau.com\/wp-content\/gallery\/tore\/thumbs\/thumbs_TOR_7_1000x1000.png\"\n               data-image-id=\"52\"\n               data-title=\"TOR_7_1000x1000\"\n               data-description=\"\"\n               data-image-slug=\"tor_7_1000x1000\"\n               class=\"ngg-simplelightbox\" rel=\"45db9eecc296194c0b02a48d3f1b2f67\">\n                <img\n                    title=\"TOR_7_1000x1000\"\n                    alt=\"TOR_7_1000x1000\"\n                    src=\"https:\/\/nagel-metallbau.com\/wp-content\/gallery\/tore\/cache\/TOR_7_1000x1000.png-nggid0252-ngg0dyn-300x300x100-00f0w010c011r110f110r010t010.png\"\n                    width=\"300\"\n                    height=\"300\"\n                    style=\"max-width:100%;\"\n                \/>\n            <\/a>\n        <\/div>\n\t\t\t\t\t\t\t<\/div> \n\t\t\t\n\t\n\t<br style=\"clear: both\" \/>\n\n\t\n\t\t<!-- Pagination -->\n\t<div class='ngg-clear'><\/div>\t<\/div>\n\n","protected":false},"excerpt":{"rendered":"<p>\u2022 T\u00fcren (einfl\u00fcgelig) \u2022 Fenster \u2022 Unsere Tore. Alle Formen, alle Gr\u00f6\u00dfen, alles m\u00f6glich. Unsere Schallschutztore sind in der Grundausf\u00fchrung inklusive Eckzarg und H\u00f6ckerschwelle. Selbstverst\u00e4ndlich k\u00f6nnen alternative Ausf\u00fchrungen wie Vorsatzzarge, Absenkdichtung oder 20\/40mm Schwelle produziert werden. Der Luftschalld\u00e4mmwert unserer hochschalld\u00e4mmenden Toren liegt je nach Ausf\u00fchrung bei 50dB bis 57dB, gepr\u00fcft und zertifiziert nach DIN EN [&hellip;]<\/p>\n","protected":false},"author":1,"featured_media":0,"parent":0,"menu_order":0,"comment_status":"closed","ping_status":"closed","template":"","meta":{"ngg_post_thumbnail":0},"_links":{"self":[{"href":"https:\/\/nagel-metallbau.com\/index.php?rest_route=\/wp\/v2\/pages\/955"}],"collection":[{"href":"https:\/\/nagel-metallbau.com\/index.php?rest_route=\/wp\/v2\/pages"}],"about":[{"href":"https:\/\/nagel-metallbau.com\/index.php?rest_route=\/wp\/v2\/types\/page"}],"author":[{"embeddable":true,"href":"https:\/\/nagel-metallbau.com\/index.php?rest_route=\/wp\/v2\/users\/1"}],"replies":[{"embeddable":true,"href":"https:\/\/nagel-metallbau.com\/index.php?rest_route=%2Fwp%2Fv2%2Fcomments&post=955"}],"version-history":[{"count":28,"href":"https:\/\/nagel-metallbau.com\/index.php?rest_route=\/wp\/v2\/pages\/955\/revisions"}],"predecessor-version":[{"id":1665,"href":"https:\/\/nagel-metallbau.com\/index.php?rest_route=\/wp\/v2\/pages\/955\/revisions\/1665"}],"wp:attachment":[{"href":"https:\/\/nagel-metallbau.com\/index.php?rest_route=%2Fwp%2Fv2%2Fmedia&parent=955"}],"curies":[{"name":"wp","href":"https:\/\/api.w.org\/{rel}","templated":true}]}}