{"id":962,"date":"2019-05-17T07:32:15","date_gmt":"2019-05-17T05:32:15","guid":{"rendered":"http:\/\/nagel-metallbau.com\/?page_id=962"},"modified":"2019-06-06T14:44:41","modified_gmt":"2019-06-06T12:44:41","slug":"einhausungen","status":"publish","type":"page","link":"https:\/\/nagel-metallbau.com\/?page_id=962","title":{"rendered":"Schallabsorber"},"content":{"rendered":"\n<p><a href=\"https:\/\/nagel-metallbau.com\/?page_id=851&amp;customize_changeset_uuid=19dd2d74-724e-4ed8-b5a6-926e4eaa2796\">Einhausungen<\/a> \u2022 <a href=\"https:\/\/nagel-metallbau.com\/?page_id=836&amp;customize_changeset_uuid=19dd2d74-724e-4ed8-b5a6-926e4eaa2796\">Kapseln<\/a>  \u2022  <a href=\"https:\/\/nagel-metallbau.com\/?page_id=944&amp;customize_changeset_uuid=19dd2d74-724e-4ed8-b5a6-926e4eaa2796\">Pr\u00fcfkammern<\/a>  \u2022  <a href=\"https:\/\/nagel-metallbau.com\/?page_id=967&amp;customize_changeset_uuid=19dd2d74-724e-4ed8-b5a6-926e4eaa2796\">Freistehende Absorber<\/a>  \u2022<a href=\"https:\/\/nagel-metallbau.com\/?page_id=962&amp;customize_changeset_uuid=19dd2d74-724e-4ed8-b5a6-926e4eaa2796\"> <\/a><a href=\"https:\/\/nagel-metallbau.com\/?page_id=824&amp;customize_changeset_uuid=19dd2d74-724e-4ed8-b5a6-926e4eaa2796\">Schalld\u00e4mpfer<\/a><\/p>\n\n\n\n<p><br><strong>Schallabsorber <\/strong><\/p>\n\n\n\n<hr class=\"wp-block-separator\"\/>\n\n\n\n<p>Wir fertigen die Absorber passgenau nach Ihren Vorstellungen. Wir garantieren ein optimales Klangerlebnis. Die Montage an verschiedensten Untergr\u00fcnden ist durch eine solide Bauweise und innovativer Gewichtsreduzierung \u00fcberall m\u00f6glich.  <br><br>Mit unseren Absorbern, erhalten Sie eine optimale Raumklangqualit\u00e4t, unabh\u00e4ngig der Raumgr\u00f6\u00dfe, Verwinkelungen oder Aus- und Einf\u00fchrungen.<br><br>Wir haben Erfahrung in der Herstellung vieler verschiedener Absorbertypen.<br><\/p>\n\n\n\n<div class=\"wp-block-image\"><figure class=\"alignleft\"><img loading=\"lazy\" width=\"300\" height=\"300\" src=\"https:\/\/nagel-metallbau.com\/wp-content\/uploads\/2019\/05\/Kasette_2_1000x1000-300x300.png\" alt=\"\" class=\"wp-image-1303\" srcset=\"https:\/\/nagel-metallbau.com\/wp-content\/uploads\/2019\/05\/Kasette_2_1000x1000-300x300.png 300w, https:\/\/nagel-metallbau.com\/wp-content\/uploads\/2019\/05\/Kasette_2_1000x1000-150x150.png 150w, https:\/\/nagel-metallbau.com\/wp-content\/uploads\/2019\/05\/Kasette_2_1000x1000-768x768.png 768w, https:\/\/nagel-metallbau.com\/wp-content\/uploads\/2019\/05\/Kasette_2_1000x1000.png 1000w\" sizes=\"(max-width: 300px) 100vw, 300px\" \/><\/figure><\/div>\n\n\n\n<p><br><br><\/p>\n\n\n\n<ul><li>Deckenabsorber<\/li><li>Wandabsorber <\/li><li>T\u00fcr- und Torabsorber<\/li><li>Resonatorenabsorber<br><br><br><\/li><\/ul>\n\n\n\n<p><br><\/p>\n\n\n\n<!-- default-view.php -->\n<div\n\tclass=\"ngg-galleryoverview default-view \"\n\tid=\"ngg-gallery-aa8d25dc5d39abc91c421370c7975744-1\">\n\n\t\t<!-- Thumbnails -->\n\t\t\t\t<div id=\"ngg-image-0\" class=\"ngg-gallery-thumbnail-box ngg-3-columns\" >\n\t\t\t\t        <div class=\"ngg-gallery-thumbnail\">\n            <a href=\"https:\/\/nagel-metallbau.com\/wp-content\/gallery\/absorber\/Windkanal_1000x1000.png\"\n               title=\"\"\n               data-src=\"https:\/\/nagel-metallbau.com\/wp-content\/gallery\/absorber\/Windkanal_1000x1000.png\"\n               data-thumbnail=\"https:\/\/nagel-metallbau.com\/wp-content\/gallery\/absorber\/thumbs\/thumbs_Windkanal_1000x1000.png\"\n               data-image-id=\"115\"\n               data-title=\"Windkanal_1000x1000\"\n               data-description=\"\"\n               data-image-slug=\"windkanal_1000x1000-2\"\n               class=\"ngg-simplelightbox\" rel=\"aa8d25dc5d39abc91c421370c7975744\">\n                <img\n                    title=\"Windkanal_1000x1000\"\n                    alt=\"Windkanal_1000x1000\"\n                    src=\"https:\/\/nagel-metallbau.com\/wp-content\/gallery\/absorber\/cache\/Windkanal_1000x1000.png-nggid03115-ngg0dyn-300x300x100-00f0w010c011r110f110r010t010.png\"\n                    width=\"300\"\n                    height=\"300\"\n                    style=\"max-width:100%;\"\n                \/>\n            <\/a>\n        <\/div>\n\t\t\t\t\t\t\t<\/div> \n\t\t\t\n\t\t\t\t<div id=\"ngg-image-1\" class=\"ngg-gallery-thumbnail-box ngg-3-columns\" >\n\t\t\t\t        <div class=\"ngg-gallery-thumbnail\">\n            <a href=\"https:\/\/nagel-metallbau.com\/wp-content\/gallery\/absorber\/1_Absorber_2_1000x1000.png\"\n               title=\"\"\n               data-src=\"https:\/\/nagel-metallbau.com\/wp-content\/gallery\/absorber\/1_Absorber_2_1000x1000.png\"\n               data-thumbnail=\"https:\/\/nagel-metallbau.com\/wp-content\/gallery\/absorber\/thumbs\/thumbs_1_Absorber_2_1000x1000.png\"\n               data-image-id=\"114\"\n               data-title=\"1_Absorber_2_1000x1000\"\n               data-description=\"\"\n               data-image-slug=\"1_absorber_2_1000x1000\"\n               class=\"ngg-simplelightbox\" rel=\"aa8d25dc5d39abc91c421370c7975744\">\n                <img\n                    title=\"1_Absorber_2_1000x1000\"\n                    alt=\"1_Absorber_2_1000x1000\"\n                    src=\"https:\/\/nagel-metallbau.com\/wp-content\/gallery\/absorber\/cache\/1_Absorber_2_1000x1000.png-nggid03114-ngg0dyn-300x300x100-00f0w010c011r110f110r010t010.png\"\n                    width=\"300\"\n                    height=\"300\"\n                    style=\"max-width:100%;\"\n                \/>\n            <\/a>\n        <\/div>\n\t\t\t\t\t\t\t<\/div> \n\t\t\t\n\t\t\t\t<div id=\"ngg-image-2\" class=\"ngg-gallery-thumbnail-box ngg-3-columns\" >\n\t\t\t\t        <div class=\"ngg-gallery-thumbnail\">\n            <a href=\"https:\/\/nagel-metallbau.com\/wp-content\/gallery\/absorber\/Schallschutz_1_1000x1000.png\"\n               title=\"\"\n               data-src=\"https:\/\/nagel-metallbau.com\/wp-content\/gallery\/absorber\/Schallschutz_1_1000x1000.png\"\n               data-thumbnail=\"https:\/\/nagel-metallbau.com\/wp-content\/gallery\/absorber\/thumbs\/thumbs_Schallschutz_1_1000x1000.png\"\n               data-image-id=\"112\"\n               data-title=\"Schallschutz_1_1000x1000\"\n               data-description=\"\"\n               data-image-slug=\"schallschutz_1_1000x1000-2\"\n               class=\"ngg-simplelightbox\" rel=\"aa8d25dc5d39abc91c421370c7975744\">\n                <img\n                    title=\"Schallschutz_1_1000x1000\"\n                    alt=\"Schallschutz_1_1000x1000\"\n                    src=\"https:\/\/nagel-metallbau.com\/wp-content\/gallery\/absorber\/cache\/Schallschutz_1_1000x1000.png-nggid03112-ngg0dyn-300x300x100-00f0w010c011r110f110r010t010.png\"\n                    width=\"300\"\n                    height=\"300\"\n                    style=\"max-width:100%;\"\n                \/>\n            <\/a>\n        <\/div>\n\t\t\t\t\t\t\t<\/div> \n\t\t\t\n\t\n\t<br style=\"clear: both\" \/>\n\n\t\n\t\t<!-- Pagination -->\n\t<div class='ngg-clear'><\/div>\t<\/div>\n\n","protected":false},"excerpt":{"rendered":"<p>Einhausungen \u2022 Kapseln \u2022 Pr\u00fcfkammern \u2022 Freistehende Absorber \u2022 Schalld\u00e4mpfer Schallabsorber Wir fertigen die Absorber passgenau nach Ihren Vorstellungen. Wir garantieren ein optimales Klangerlebnis. Die Montage an verschiedensten Untergr\u00fcnden ist durch eine solide Bauweise und innovativer Gewichtsreduzierung \u00fcberall m\u00f6glich. Mit unseren Absorbern, erhalten Sie eine optimale Raumklangqualit\u00e4t, unabh\u00e4ngig der Raumgr\u00f6\u00dfe, Verwinkelungen oder Aus- und Einf\u00fchrungen. [&hellip;]<\/p>\n","protected":false},"author":1,"featured_media":0,"parent":0,"menu_order":0,"comment_status":"closed","ping_status":"closed","template":"","meta":{"ngg_post_thumbnail":0},"_links":{"self":[{"href":"https:\/\/nagel-metallbau.com\/index.php?rest_route=\/wp\/v2\/pages\/962"}],"collection":[{"href":"https:\/\/nagel-metallbau.com\/index.php?rest_route=\/wp\/v2\/pages"}],"about":[{"href":"https:\/\/nagel-metallbau.com\/index.php?rest_route=\/wp\/v2\/types\/page"}],"author":[{"embeddable":true,"href":"https:\/\/nagel-metallbau.com\/index.php?rest_route=\/wp\/v2\/users\/1"}],"replies":[{"embeddable":true,"href":"https:\/\/nagel-metallbau.com\/index.php?rest_route=%2Fwp%2Fv2%2Fcomments&post=962"}],"version-history":[{"count":36,"href":"https:\/\/nagel-metallbau.com\/index.php?rest_route=\/wp\/v2\/pages\/962\/revisions"}],"predecessor-version":[{"id":1619,"href":"https:\/\/nagel-metallbau.com\/index.php?rest_route=\/wp\/v2\/pages\/962\/revisions\/1619"}],"wp:attachment":[{"href":"https:\/\/nagel-metallbau.com\/index.php?rest_route=%2Fwp%2Fv2%2Fmedia&parent=962"}],"curies":[{"name":"wp","href":"https:\/\/api.w.org\/{rel}","templated":true}]}}