{"id":967,"date":"2019-05-17T07:33:40","date_gmt":"2019-05-17T05:33:40","guid":{"rendered":"http:\/\/nagel-metallbau.com\/?page_id=967"},"modified":"2019-06-06T14:33:13","modified_gmt":"2019-06-06T12:33:13","slug":"freistehende-absorber","status":"publish","type":"page","link":"https:\/\/nagel-metallbau.com\/?page_id=967","title":{"rendered":"Freistehende Absorber"},"content":{"rendered":"\n<p><a href=\"https:\/\/nagel-metallbau.com\/?page_id=851&amp;customize_changeset_uuid=19dd2d74-724e-4ed8-b5a6-926e4eaa2796\">Einhausungen<\/a> \u2022 <a href=\"https:\/\/nagel-metallbau.com\/?page_id=836&amp;customize_changeset_uuid=19dd2d74-724e-4ed8-b5a6-926e4eaa2796\">Kapseln<\/a>  \u2022  <a href=\"https:\/\/nagel-metallbau.com\/?page_id=944&amp;customize_changeset_uuid=19dd2d74-724e-4ed8-b5a6-926e4eaa2796\">Pr\u00fcfkammern<\/a>  \u2022<a href=\"https:\/\/nagel-metallbau.com\/?page_id=967&amp;customize_changeset_uuid=19dd2d74-724e-4ed8-b5a6-926e4eaa2796\"> Absorber<\/a>  \u2022  <a href=\"https:\/\/nagel-metallbau.com\/?page_id=962&amp;customize_changeset_uuid=19dd2d74-724e-4ed8-b5a6-926e4eaa2796\">Schallabsorber<\/a>  \u2022  <a href=\"https:\/\/nagel-metallbau.com\/?page_id=824&amp;customize_changeset_uuid=19dd2d74-724e-4ed8-b5a6-926e4eaa2796\">Schalld\u00e4mpfer<\/a><\/p>\n\n\n\n<p><br><strong>Eine optimale Raumakustik &#8211; in jedem Raum!<br><\/strong><\/p>\n\n\n\n<hr class=\"wp-block-separator\"\/>\n\n\n\n<p>Moderne B\u00fcroarchitektur besteht oft aus gro\u00dfen Glas- und Betonfl\u00e4chen. Obwohl \u00e4sthetisch ansprechend ist die Nachhallzeit in<br>diesen Umgebungen viel l\u00e4nger als nach DIN EN 18041 (&#8222;akustisch&#8220;)   empfohlen. Dieser Umstand in kleinen bis mittelgro\u00dfen R\u00e4umen und der daraus resultierende Ger\u00e4uschpegel verringert die Leistungsf\u00e4higkeit des B\u00fcropersonals, mindert die Konzentrationsf\u00e4higkeit, erh\u00f6ht das Fehlerrisiko und senkt die Produktivit\u00e4t. MONOLITH-Stand-Alone-Absorber bieten eine bequeme und effektive L\u00f6sung zur Senkung der Nachhallzeit in R\u00e4umen aufgrund ihrer Breitbandabsorptionseigenschaften.  <br><br><\/p>\n\n\n\n<p>Die perfekten Einsatzorte der Absorber sind:<br><br><\/p>\n\n\n\n<div class=\"wp-block-image\"><figure class=\"alignleft is-resized\"><img loading=\"lazy\" src=\"https:\/\/nagel-metallbau.com\/wp-content\/uploads\/2019\/05\/K1024_DSCN2928-1024x768.jpg\" alt=\"\" class=\"wp-image-1468\" width=\"512\" height=\"384\" srcset=\"https:\/\/nagel-metallbau.com\/wp-content\/uploads\/2019\/05\/K1024_DSCN2928.jpg 1024w, https:\/\/nagel-metallbau.com\/wp-content\/uploads\/2019\/05\/K1024_DSCN2928-300x225.jpg 300w, https:\/\/nagel-metallbau.com\/wp-content\/uploads\/2019\/05\/K1024_DSCN2928-768x576.jpg 768w\" sizes=\"(max-width: 512px) 100vw, 512px\" \/><\/figure><\/div>\n\n\n\n<ul><li>Gro\u00dfraumb\u00fcros<\/li><li>Telefonzentralen<\/li><li>Besprechungsr\u00e4umen<\/li><li>Messest\u00e4nden<\/li><li>Umkleiden<\/li><li>R\u00e4ume <\/li><li>Lagerhallen<\/li><li>uvm.<\/li><\/ul>\n","protected":false},"excerpt":{"rendered":"<p>Einhausungen \u2022 Kapseln \u2022 Pr\u00fcfkammern \u2022 Absorber \u2022 Schallabsorber \u2022 Schalld\u00e4mpfer Eine optimale Raumakustik &#8211; in jedem Raum! Moderne B\u00fcroarchitektur besteht oft aus gro\u00dfen Glas- und Betonfl\u00e4chen. Obwohl \u00e4sthetisch ansprechend ist die Nachhallzeit indiesen Umgebungen viel l\u00e4nger als nach DIN EN 18041 (&#8222;akustisch&#8220;) empfohlen. Dieser Umstand in kleinen bis mittelgro\u00dfen R\u00e4umen und der daraus resultierende [&hellip;]<\/p>\n","protected":false},"author":1,"featured_media":0,"parent":0,"menu_order":0,"comment_status":"closed","ping_status":"closed","template":"","meta":{"ngg_post_thumbnail":0},"_links":{"self":[{"href":"https:\/\/nagel-metallbau.com\/index.php?rest_route=\/wp\/v2\/pages\/967"}],"collection":[{"href":"https:\/\/nagel-metallbau.com\/index.php?rest_route=\/wp\/v2\/pages"}],"about":[{"href":"https:\/\/nagel-metallbau.com\/index.php?rest_route=\/wp\/v2\/types\/page"}],"author":[{"embeddable":true,"href":"https:\/\/nagel-metallbau.com\/index.php?rest_route=\/wp\/v2\/users\/1"}],"replies":[{"embeddable":true,"href":"https:\/\/nagel-metallbau.com\/index.php?rest_route=%2Fwp%2Fv2%2Fcomments&post=967"}],"version-history":[{"count":14,"href":"https:\/\/nagel-metallbau.com\/index.php?rest_route=\/wp\/v2\/pages\/967\/revisions"}],"predecessor-version":[{"id":1618,"href":"https:\/\/nagel-metallbau.com\/index.php?rest_route=\/wp\/v2\/pages\/967\/revisions\/1618"}],"wp:attachment":[{"href":"https:\/\/nagel-metallbau.com\/index.php?rest_route=%2Fwp%2Fv2%2Fmedia&parent=967"}],"curies":[{"name":"wp","href":"https:\/\/api.w.org\/{rel}","templated":true}]}}